{"id":7427,"date":"2025-11-07T13:13:29","date_gmt":"2025-11-07T12:13:29","guid":{"rendered":"https:\/\/www.ernstbrunn-apotheke.at\/katalog\/produkt\/l-tryptophan-250mg-kapseln\/"},"modified":"2025-12-08T13:23:17","modified_gmt":"2025-12-08T12:23:17","slug":"l-tryptophan-250mg-kapseln","status":"publish","type":"product","link":"https:\/\/www.ernstbrunn-apotheke.at\/katalog\/produkt\/l-tryptophan-250mg-kapseln\/","title":{"rendered":"L &#8211; TRYPTOPHAN 250mg KAPSELN"},"content":{"rendered":"<p>Gall Pharma L-Tryptophan 250 mg Kapseln 60 Stk. enthalten 250 mg L-Tryptophan in einer Hartgelatinekapsel. 3 % des gew\u00f6hnlichen L-Tryptophans wird im K\u00f6rper, wenn es eingenommen wird, zu Serotonin umgewandelt. Serotonin ist verantwortlich f\u00fcr innere Ruhe, Ausgeglichenheit und f\u00fcr Gl\u00fccksgef\u00fchle. Dieses Hormon stellt somit einen Stressregulator dar.<\/p>\n","protected":false},"excerpt":{"rendered":"<p>Gall Pharma L-Tryptophan 250 mg Kapseln 60 Stk. enthalten 250 mg L-Tryptophan in einer Hartgelatinekapsel. 3 % des gew\u00f6hnlichen L-Tryptophans wird im K\u00f6rper, wenn es eingenommen wird, zu Serotonin umgewandelt. Serotonin ist verantwortlich f\u00fcr innere Ruhe, Ausgeglichenheit und f\u00fcr Gl\u00fccksgef\u00fchle. Dieses Hormon stellt somit einen Stressregulator dar.<\/p>\n","protected":false},"featured_media":7026,"template":"","meta":{"_acf_changed":false},"product_brand":[371],"product_cat":[795],"product_tag":[],"class_list":{"0":"post-7427","1":"product","2":"type-product","3":"status-publish","4":"has-post-thumbnail","6":"product_brand-gall-pharma","7":"product_cat-l","8":"pa_packungsgroesse-120-stueck","9":"pa_packungsgroesse-60-stueck","11":"first","12":"instock","13":"shipping-taxable","14":"purchasable","15":"product-type-simple"},"acf":[],"_links":{"self":[{"href":"https:\/\/www.ernstbrunn-apotheke.at\/katalog\/wp-json\/wp\/v2\/product\/7427","targetHints":{"allow":["GET"]}}],"collection":[{"href":"https:\/\/www.ernstbrunn-apotheke.at\/katalog\/wp-json\/wp\/v2\/product"}],"about":[{"href":"https:\/\/www.ernstbrunn-apotheke.at\/katalog\/wp-json\/wp\/v2\/types\/product"}],"wp:featuredmedia":[{"embeddable":true,"href":"https:\/\/www.ernstbrunn-apotheke.at\/katalog\/wp-json\/wp\/v2\/media\/7026"}],"wp:attachment":[{"href":"https:\/\/www.ernstbrunn-apotheke.at\/katalog\/wp-json\/wp\/v2\/media?parent=7427"}],"wp:term":[{"taxonomy":"product_brand","embeddable":true,"href":"https:\/\/www.ernstbrunn-apotheke.at\/katalog\/wp-json\/wp\/v2\/product_brand?post=7427"},{"taxonomy":"product_cat","embeddable":true,"href":"https:\/\/www.ernstbrunn-apotheke.at\/katalog\/wp-json\/wp\/v2\/product_cat?post=7427"},{"taxonomy":"product_tag","embeddable":true,"href":"https:\/\/www.ernstbrunn-apotheke.at\/katalog\/wp-json\/wp\/v2\/product_tag?post=7427"}],"curies":[{"name":"wp","href":"https:\/\/api.w.org\/{rel}","templated":true}]}}