{"id":74214,"date":"2025-11-11T20:48:40","date_gmt":"2025-11-11T19:48:40","guid":{"rendered":"https:\/\/www.ernstbrunn-apotheke.at\/katalog\/produkt\/covermed-wundverband-1-stk-5-m-x-8-cm\/"},"modified":"2025-12-08T18:33:58","modified_gmt":"2025-12-08T17:33:58","slug":"covermed-wundverband-1-stk-5-m-x-8-cm","status":"publish","type":"product","link":"https:\/\/www.ernstbrunn-apotheke.at\/katalog\/produkt\/covermed-wundverband-1-stk-5-m-x-8-cm\/","title":{"rendered":"Covermed Wundverband 1 Stk. 5 m x 8 cm"},"content":{"rendered":"<p>Covermed Wundverband ist besonders hautfreundlich und sanft abl\u00f6sbar bei zuverl\u00e4ssigem Halt, auch an vielbewegten K\u00f6rperstellen. Der Verband verf\u00fcgt \u00fcber eine hohe Luft- und Wasserdampfdurchl\u00e4ssigkeit und sind somit atmungsaktiv. Durch das Tr\u00e4germaterial aus dehnbarem, wei\u00dfem Polyestervlies ist der Verband weich und anschmiegsam und verklebt zudem nicht mit der Wunde.<\/p>\n","protected":false},"excerpt":{"rendered":"<p>Covermed Wundverband ist besonders hautfreundlich und sanft abl\u00f6sbar bei zuverl\u00e4ssigem Halt, auch an vielbewegten K\u00f6rperstellen. Der Verband verf\u00fcgt \u00fcber eine hohe Luft- und Wasserdampfdurchl\u00e4ssigkeit und sind somit atmungsaktiv. Durch das Tr\u00e4germaterial aus dehnbarem, wei\u00dfem Polyestervlies ist der Verband weich und anschmiegsam und verklebt zudem nicht mit der Wunde.<\/p>\n","protected":false},"featured_media":0,"template":"","meta":{"_acf_changed":false},"product_brand":[980],"product_cat":[812],"product_tag":[],"class_list":{"0":"post-74214","1":"product","2":"type-product","3":"status-publish","5":"product_brand-leukoplast","6":"product_cat-c","7":"pa_packungsgroesse-1-stueck","9":"first","10":"instock","11":"shipping-taxable","12":"purchasable","13":"product-type-simple"},"acf":[],"_links":{"self":[{"href":"https:\/\/www.ernstbrunn-apotheke.at\/katalog\/wp-json\/wp\/v2\/product\/74214","targetHints":{"allow":["GET"]}}],"collection":[{"href":"https:\/\/www.ernstbrunn-apotheke.at\/katalog\/wp-json\/wp\/v2\/product"}],"about":[{"href":"https:\/\/www.ernstbrunn-apotheke.at\/katalog\/wp-json\/wp\/v2\/types\/product"}],"wp:attachment":[{"href":"https:\/\/www.ernstbrunn-apotheke.at\/katalog\/wp-json\/wp\/v2\/media?parent=74214"}],"wp:term":[{"taxonomy":"product_brand","embeddable":true,"href":"https:\/\/www.ernstbrunn-apotheke.at\/katalog\/wp-json\/wp\/v2\/product_brand?post=74214"},{"taxonomy":"product_cat","embeddable":true,"href":"https:\/\/www.ernstbrunn-apotheke.at\/katalog\/wp-json\/wp\/v2\/product_cat?post=74214"},{"taxonomy":"product_tag","embeddable":true,"href":"https:\/\/www.ernstbrunn-apotheke.at\/katalog\/wp-json\/wp\/v2\/product_tag?post=74214"}],"curies":[{"name":"wp","href":"https:\/\/api.w.org\/{rel}","templated":true}]}}