{"id":7417,"date":"2025-11-07T13:12:49","date_gmt":"2025-11-07T12:12:49","guid":{"rendered":"https:\/\/www.ernstbrunn-apotheke.at\/katalog\/produkt\/relaxeadoc-safran-plus-anti-stress-kapseln-30-stk\/"},"modified":"2025-12-08T13:23:13","modified_gmt":"2025-12-08T12:23:13","slug":"relaxeadoc-safran-plus-anti-stress-kapseln-30-stk","status":"publish","type":"product","link":"https:\/\/www.ernstbrunn-apotheke.at\/katalog\/produkt\/relaxeadoc-safran-plus-anti-stress-kapseln-30-stk\/","title":{"rendered":"RELAXEADOC Safran Plus Anti &#8211; Stress -Kapseln &#8211; 30 Stk"},"content":{"rendered":"<p>Relaxeadoc ist ein Nahrungserg\u00e4nzungsmittel mit Extrakten aus Safran und Lavendel sowie B-Vitaminen. Safran kann eine normale emotionale Balance unterst\u00fctzen und zur Aufrechterhaltung einer positiven Stimmung beitragen. Lavendel leistet einen Beitrag zur normalen inneren Ruhe w\u00e4hrend emotionaler Lebensphasen. Die Vitamine B1, B3, B6, B12, Biotin und Fols\u00e4ure tragen zu einer normalen psychischen Funktion bei, sowie gemeinsam mit Pantothens\u00e4ure zur Verringerung von M\u00fcdigkeit und Erm\u00fcdung.<\/p>\n","protected":false},"excerpt":{"rendered":"<p>Relaxeadoc ist ein Nahrungserg\u00e4nzungsmittel mit Extrakten aus Safran und Lavendel sowie B-Vitaminen. Safran kann eine normale emotionale Balance unterst\u00fctzen und zur Aufrechterhaltung einer positiven Stimmung beitragen. Lavendel leistet einen Beitrag zur normalen inneren Ruhe w\u00e4hrend emotionaler Lebensphasen. Die Vitamine B1, B3, B6, B12, Biotin und Fols\u00e4ure tragen zu einer normalen psychischen Funktion bei, sowie gemeinsam [&hellip;]<\/p>\n","protected":false},"featured_media":6976,"template":"","meta":{"_acf_changed":false},"product_brand":[],"product_cat":[808],"product_tag":[],"class_list":{"0":"post-7417","1":"product","2":"type-product","3":"status-publish","4":"has-post-thumbnail","6":"product_cat-r","7":"pa_packungsgroesse-30-stueck","9":"first","10":"instock","11":"shipping-taxable","12":"purchasable","13":"product-type-simple"},"acf":[],"_links":{"self":[{"href":"https:\/\/www.ernstbrunn-apotheke.at\/katalog\/wp-json\/wp\/v2\/product\/7417","targetHints":{"allow":["GET"]}}],"collection":[{"href":"https:\/\/www.ernstbrunn-apotheke.at\/katalog\/wp-json\/wp\/v2\/product"}],"about":[{"href":"https:\/\/www.ernstbrunn-apotheke.at\/katalog\/wp-json\/wp\/v2\/types\/product"}],"wp:featuredmedia":[{"embeddable":true,"href":"https:\/\/www.ernstbrunn-apotheke.at\/katalog\/wp-json\/wp\/v2\/media\/6976"}],"wp:attachment":[{"href":"https:\/\/www.ernstbrunn-apotheke.at\/katalog\/wp-json\/wp\/v2\/media?parent=7417"}],"wp:term":[{"taxonomy":"product_brand","embeddable":true,"href":"https:\/\/www.ernstbrunn-apotheke.at\/katalog\/wp-json\/wp\/v2\/product_brand?post=7417"},{"taxonomy":"product_cat","embeddable":true,"href":"https:\/\/www.ernstbrunn-apotheke.at\/katalog\/wp-json\/wp\/v2\/product_cat?post=7417"},{"taxonomy":"product_tag","embeddable":true,"href":"https:\/\/www.ernstbrunn-apotheke.at\/katalog\/wp-json\/wp\/v2\/product_tag?post=7417"}],"curies":[{"name":"wp","href":"https:\/\/api.w.org\/{rel}","templated":true}]}}