{"id":7413,"date":"2025-11-07T13:12:49","date_gmt":"2025-11-07T12:12:49","guid":{"rendered":"https:\/\/www.ernstbrunn-apotheke.at\/katalog\/produkt\/nicapur-medibalance-ppi-vitamin-mineralstoff-kapseln\/"},"modified":"2025-12-08T13:23:11","modified_gmt":"2025-12-08T12:23:11","slug":"nicapur-medibalance-ppi-vitamin-mineralstoff-kapseln","status":"publish","type":"product","link":"https:\/\/www.ernstbrunn-apotheke.at\/katalog\/produkt\/nicapur-medibalance-ppi-vitamin-mineralstoff-kapseln\/","title":{"rendered":"Nicapur MEDIBALANCE PPI Vitamin- &#038; Mineralstoff Kapseln"},"content":{"rendered":"<p>Zur Therapie von Magenbeschwerden, aber auch zur besseren Vertr\u00e4glichkeit von Medikamenten, werden h\u00e4ufig Protonenpumpenhemmer eingesetzt, die die Produktion von Magens\u00e4ure vermindern. Aufgrund der damit verbundenen pH-Wert-Verschiebung kann es zu St\u00f6rungen bei der Aufnahme von Mikron\u00e4hrstoffen kommen. Betroffen sind vor allem Vitamin B12, Vitamin C und D sowie Fols\u00e4ure und Magnesium. In der Folge ist eine unzureichende Versorgung mit diesen Mikron\u00e4hrstoffen m\u00f6glich. Mit dem Mineralstoff Magnesium zur Erhaltung des Elektrolytgleichgewichts und f\u00fcr die normale Funktion von Muskeln und Nerven. Magnesium spielt eine Rolle bei der Funktion der Psyche.Die Vitamine B12, B6, Fols\u00e4ure und Vitamin C sowie der Mineralstoff Eisen tragen zur Verringerung von M\u00fcdigkeit und Erm\u00fcdung bei.mediBalance\u00ae PPI ist ein Nahrungserg\u00e4nzungsmittel mit ausgew\u00e4hlten Vitaminen und Mineralstoffen zur Erg\u00e4nzung bei gleichzeitiger Einnahme von Protonenpumpen-Inhibitoren, die zur Reduzierung der Magens\u00e4ureproduktion eingesetzt werden. Eine Verringerung der Magens\u00e4ure (durch Pr\u00e4parate zum \u201eMagenschutz\u201c) kann sich auf den Mikron\u00e4hrstoffstatus auswirken..<\/p>\n","protected":false},"excerpt":{"rendered":"<p>Zur Therapie von Magenbeschwerden, aber auch zur besseren Vertr\u00e4glichkeit von Medikamenten, werden h\u00e4ufig Protonenpumpenhemmer eingesetzt, die die Produktion von Magens\u00e4ure vermindern. Aufgrund der damit verbundenen pH-Wert-Verschiebung kann es zu St\u00f6rungen bei der Aufnahme von Mikron\u00e4hrstoffen kommen. Betroffen sind vor allem Vitamin B12, Vitamin C und D sowie Fols\u00e4ure und Magnesium. In der Folge ist eine [&hellip;]<\/p>\n","protected":false},"featured_media":6956,"template":"","meta":{"_acf_changed":false},"product_brand":[352],"product_cat":[797],"product_tag":[],"class_list":{"0":"post-7413","1":"product","2":"type-product","3":"status-publish","4":"has-post-thumbnail","6":"product_brand-nicapur","7":"product_cat-n","8":"pa_packungsgroesse-30-stueck","10":"first","11":"instock","12":"shipping-taxable","13":"purchasable","14":"product-type-simple"},"acf":[],"_links":{"self":[{"href":"https:\/\/www.ernstbrunn-apotheke.at\/katalog\/wp-json\/wp\/v2\/product\/7413","targetHints":{"allow":["GET"]}}],"collection":[{"href":"https:\/\/www.ernstbrunn-apotheke.at\/katalog\/wp-json\/wp\/v2\/product"}],"about":[{"href":"https:\/\/www.ernstbrunn-apotheke.at\/katalog\/wp-json\/wp\/v2\/types\/product"}],"wp:featuredmedia":[{"embeddable":true,"href":"https:\/\/www.ernstbrunn-apotheke.at\/katalog\/wp-json\/wp\/v2\/media\/6956"}],"wp:attachment":[{"href":"https:\/\/www.ernstbrunn-apotheke.at\/katalog\/wp-json\/wp\/v2\/media?parent=7413"}],"wp:term":[{"taxonomy":"product_brand","embeddable":true,"href":"https:\/\/www.ernstbrunn-apotheke.at\/katalog\/wp-json\/wp\/v2\/product_brand?post=7413"},{"taxonomy":"product_cat","embeddable":true,"href":"https:\/\/www.ernstbrunn-apotheke.at\/katalog\/wp-json\/wp\/v2\/product_cat?post=7413"},{"taxonomy":"product_tag","embeddable":true,"href":"https:\/\/www.ernstbrunn-apotheke.at\/katalog\/wp-json\/wp\/v2\/product_tag?post=7413"}],"curies":[{"name":"wp","href":"https:\/\/api.w.org\/{rel}","templated":true}]}}