{"id":74073,"date":"2025-11-11T20:46:15","date_gmt":"2025-11-11T19:46:15","guid":{"rendered":"https:\/\/www.ernstbrunn-apotheke.at\/katalog\/produkt\/polymem-wic-cavity-10-stk-8-x-8-cm\/"},"modified":"2025-12-08T18:33:13","modified_gmt":"2025-12-08T17:33:13","slug":"polymem-wic-cavity-10-stk-8-x-8-cm","status":"publish","type":"product","link":"https:\/\/www.ernstbrunn-apotheke.at\/katalog\/produkt\/polymem-wic-cavity-10-stk-8-x-8-cm\/","title":{"rendered":"PolyMem WIC Cavity 10 Stk. 8 x 8 cm"},"content":{"rendered":"<p>PolyMem WIC Cavity ist ein aus hydrophilem Polyurethan gefertigter Wundf\u00fcller. Die Matrix weist eine vorgestanzte Perforation auf. Dank dessen kann das Pad m\u00fchelos einzelne Wundf\u00fcllerstreifen unterteilt werden.<\/p>\n","protected":false},"excerpt":{"rendered":"<p>PolyMem WIC Cavity ist ein aus hydrophilem Polyurethan gefertigter Wundf\u00fcller. Die Matrix weist eine vorgestanzte Perforation auf. Dank dessen kann das Pad m\u00fchelos einzelne Wundf\u00fcllerstreifen unterteilt werden.<\/p>\n","protected":false},"featured_media":74075,"template":"","meta":{"_acf_changed":false},"product_brand":[],"product_cat":[793],"product_tag":[],"class_list":{"0":"post-74073","1":"product","2":"type-product","3":"status-publish","4":"has-post-thumbnail","6":"product_cat-p","7":"pa_packungsgroesse-10-stueck","9":"first","10":"instock","11":"shipping-taxable","12":"purchasable","13":"product-type-simple"},"acf":[],"_links":{"self":[{"href":"https:\/\/www.ernstbrunn-apotheke.at\/katalog\/wp-json\/wp\/v2\/product\/74073","targetHints":{"allow":["GET"]}}],"collection":[{"href":"https:\/\/www.ernstbrunn-apotheke.at\/katalog\/wp-json\/wp\/v2\/product"}],"about":[{"href":"https:\/\/www.ernstbrunn-apotheke.at\/katalog\/wp-json\/wp\/v2\/types\/product"}],"wp:featuredmedia":[{"embeddable":true,"href":"https:\/\/www.ernstbrunn-apotheke.at\/katalog\/wp-json\/wp\/v2\/media\/74075"}],"wp:attachment":[{"href":"https:\/\/www.ernstbrunn-apotheke.at\/katalog\/wp-json\/wp\/v2\/media?parent=74073"}],"wp:term":[{"taxonomy":"product_brand","embeddable":true,"href":"https:\/\/www.ernstbrunn-apotheke.at\/katalog\/wp-json\/wp\/v2\/product_brand?post=74073"},{"taxonomy":"product_cat","embeddable":true,"href":"https:\/\/www.ernstbrunn-apotheke.at\/katalog\/wp-json\/wp\/v2\/product_cat?post=74073"},{"taxonomy":"product_tag","embeddable":true,"href":"https:\/\/www.ernstbrunn-apotheke.at\/katalog\/wp-json\/wp\/v2\/product_tag?post=74073"}],"curies":[{"name":"wp","href":"https:\/\/api.w.org\/{rel}","templated":true}]}}