{"id":7404,"date":"2025-11-07T13:12:49","date_gmt":"2025-11-07T12:12:49","guid":{"rendered":"https:\/\/www.ernstbrunn-apotheke.at\/katalog\/produkt\/easypharm-easyrelax-direkt-sticks-bei-akuter-nervositaet-20-stk\/"},"modified":"2025-12-08T13:23:08","modified_gmt":"2025-12-08T12:23:08","slug":"easypharm-easyrelax-direkt-sticks-bei-akuter-nervositaet-20-stk","status":"publish","type":"product","link":"https:\/\/www.ernstbrunn-apotheke.at\/katalog\/produkt\/easypharm-easyrelax-direkt-sticks-bei-akuter-nervositaet-20-stk\/","title":{"rendered":"Easypharm EASYRELAX DIREKT Sticks bei akuter Nervosit\u00e4t &#8211; 20 Stk"},"content":{"rendered":"<p>Easyrelax\u00ae direkt Sticks k\u00f6nnen auf Grund ihrer spezifischen Zusammensetzung aus hochwertigen, ausreichend dosierten Pflanzenextrakten zu einer Verbesserung Ihres Wohlbefindens beitragen. Die praktischen Direkt Sticks k\u00f6nnen bei pl\u00f6tzlichen oder kurz bevorstehenden emotionalen Belastungs- oder Stresssituationen wie vor Pr\u00fcfungen, Pr\u00e4sentationen oder Auftritten eingenommen werden und sorgen daf\u00fcr, dass Sie die n\u00e4chsten Stunden souver\u00e4n meistern. Die easyrelax\u00ae direkt Sticks beinhalten ausschlie\u00dflich Inhaltsstoffe nat\u00fcrlicher Herkunft wie Passionsblume, Baldrian, Melisse, Lavendel und Safran.<\/p>\n","protected":false},"excerpt":{"rendered":"<p>Easyrelax\u00ae direkt Sticks k\u00f6nnen auf Grund ihrer spezifischen Zusammensetzung aus hochwertigen, ausreichend dosierten Pflanzenextrakten zu einer Verbesserung Ihres Wohlbefindens beitragen. Die praktischen Direkt Sticks k\u00f6nnen bei pl\u00f6tzlichen oder kurz bevorstehenden emotionalen Belastungs- oder Stresssituationen wie vor Pr\u00fcfungen, Pr\u00e4sentationen oder Auftritten eingenommen werden und sorgen daf\u00fcr, dass Sie die n\u00e4chsten Stunden souver\u00e4n meistern. Die easyrelax\u00ae direkt [&hellip;]<\/p>\n","protected":false},"featured_media":6907,"template":"","meta":{"_acf_changed":false},"product_brand":[367],"product_cat":[794],"product_tag":[],"class_list":{"0":"post-7404","1":"product","2":"type-product","3":"status-publish","4":"has-post-thumbnail","6":"product_brand-easypharm","7":"product_cat-e","8":"pa_packungsgroesse-20-stueck","10":"first","11":"instock","12":"shipping-taxable","13":"purchasable","14":"product-type-simple"},"acf":[],"_links":{"self":[{"href":"https:\/\/www.ernstbrunn-apotheke.at\/katalog\/wp-json\/wp\/v2\/product\/7404","targetHints":{"allow":["GET"]}}],"collection":[{"href":"https:\/\/www.ernstbrunn-apotheke.at\/katalog\/wp-json\/wp\/v2\/product"}],"about":[{"href":"https:\/\/www.ernstbrunn-apotheke.at\/katalog\/wp-json\/wp\/v2\/types\/product"}],"wp:featuredmedia":[{"embeddable":true,"href":"https:\/\/www.ernstbrunn-apotheke.at\/katalog\/wp-json\/wp\/v2\/media\/6907"}],"wp:attachment":[{"href":"https:\/\/www.ernstbrunn-apotheke.at\/katalog\/wp-json\/wp\/v2\/media?parent=7404"}],"wp:term":[{"taxonomy":"product_brand","embeddable":true,"href":"https:\/\/www.ernstbrunn-apotheke.at\/katalog\/wp-json\/wp\/v2\/product_brand?post=7404"},{"taxonomy":"product_cat","embeddable":true,"href":"https:\/\/www.ernstbrunn-apotheke.at\/katalog\/wp-json\/wp\/v2\/product_cat?post=7404"},{"taxonomy":"product_tag","embeddable":true,"href":"https:\/\/www.ernstbrunn-apotheke.at\/katalog\/wp-json\/wp\/v2\/product_tag?post=7404"}],"curies":[{"name":"wp","href":"https:\/\/api.w.org\/{rel}","templated":true}]}}