{"id":74030,"date":"2025-11-11T20:45:02","date_gmt":"2025-11-11T19:45:02","guid":{"rendered":"https:\/\/www.ernstbrunn-apotheke.at\/katalog\/produkt\/burgit-blasenpflaster-mix-elastosoft-5-stk\/"},"modified":"2025-12-08T18:32:52","modified_gmt":"2025-12-08T17:32:52","slug":"burgit-blasenpflaster-mix-elastosoft-5-stk","status":"publish","type":"product","link":"https:\/\/www.ernstbrunn-apotheke.at\/katalog\/produkt\/burgit-blasenpflaster-mix-elastosoft-5-stk\/","title":{"rendered":"Burgit Blasenpflaster Mix ElastoSoft 5 Stk."},"content":{"rendered":"<p>Burgit Blasenpflaster bestehen aus Hydrokolloid, welches \u00fcbersch\u00fcssige Fl\u00fcssigkeit aufsaugt und somit ein schnelles Abheilen der Blase f\u00f6rdert. Zus\u00e4tzlich sch\u00fctzen sie die Wunde vor Schmutz und Bakterien.<\/p>\n","protected":false},"excerpt":{"rendered":"<p>Burgit Blasenpflaster bestehen aus Hydrokolloid, welches \u00fcbersch\u00fcssige Fl\u00fcssigkeit aufsaugt und somit ein schnelles Abheilen der Blase f\u00f6rdert. Zus\u00e4tzlich sch\u00fctzen sie die Wunde vor Schmutz und Bakterien.<\/p>\n","protected":false},"featured_media":74032,"template":"","meta":{"_acf_changed":false},"product_brand":[739],"product_cat":[802],"product_tag":[],"class_list":{"0":"post-74030","1":"product","2":"type-product","3":"status-publish","4":"has-post-thumbnail","6":"product_brand-burgit","7":"product_cat-b","8":"pa_packungsgroesse-5-stueck","10":"first","11":"instock","12":"shipping-taxable","13":"purchasable","14":"product-type-simple"},"acf":[],"_links":{"self":[{"href":"https:\/\/www.ernstbrunn-apotheke.at\/katalog\/wp-json\/wp\/v2\/product\/74030","targetHints":{"allow":["GET"]}}],"collection":[{"href":"https:\/\/www.ernstbrunn-apotheke.at\/katalog\/wp-json\/wp\/v2\/product"}],"about":[{"href":"https:\/\/www.ernstbrunn-apotheke.at\/katalog\/wp-json\/wp\/v2\/types\/product"}],"wp:featuredmedia":[{"embeddable":true,"href":"https:\/\/www.ernstbrunn-apotheke.at\/katalog\/wp-json\/wp\/v2\/media\/74032"}],"wp:attachment":[{"href":"https:\/\/www.ernstbrunn-apotheke.at\/katalog\/wp-json\/wp\/v2\/media?parent=74030"}],"wp:term":[{"taxonomy":"product_brand","embeddable":true,"href":"https:\/\/www.ernstbrunn-apotheke.at\/katalog\/wp-json\/wp\/v2\/product_brand?post=74030"},{"taxonomy":"product_cat","embeddable":true,"href":"https:\/\/www.ernstbrunn-apotheke.at\/katalog\/wp-json\/wp\/v2\/product_cat?post=74030"},{"taxonomy":"product_tag","embeddable":true,"href":"https:\/\/www.ernstbrunn-apotheke.at\/katalog\/wp-json\/wp\/v2\/product_tag?post=74030"}],"curies":[{"name":"wp","href":"https:\/\/api.w.org\/{rel}","templated":true}]}}