{"id":7402,"date":"2025-11-07T13:12:49","date_gmt":"2025-11-07T12:12:49","guid":{"rendered":"https:\/\/www.ernstbrunn-apotheke.at\/katalog\/produkt\/alpinamed-passelyt-tropfen-2\/"},"modified":"2025-12-08T13:23:06","modified_gmt":"2025-12-08T12:23:06","slug":"alpinamed-passelyt-tropfen-2","status":"publish","type":"product","link":"https:\/\/www.ernstbrunn-apotheke.at\/katalog\/produkt\/alpinamed-passelyt-tropfen-2\/","title":{"rendered":"Alpinamed PASSELYT Tropfen"},"content":{"rendered":"<p>Alpinamed Passelyt Beruhigungstropfen sind ein traditionelles pflanzliches Arzneimittel zur Linderung leichter Symptome von psychischem Stress (Reizbarkeit, Nervosit\u00e4t, Angst-, Unruhe- und Erregungszust\u00e4nde) sowie bei Einschlafst\u00f6rungen.<\/p>\n","protected":false},"excerpt":{"rendered":"<p>Alpinamed Passelyt Beruhigungstropfen sind ein traditionelles pflanzliches Arzneimittel zur Linderung leichter Symptome von psychischem Stress (Reizbarkeit, Nervosit\u00e4t, Angst-, Unruhe- und Erregungszust\u00e4nde) sowie bei Einschlafst\u00f6rungen.<\/p>\n","protected":false},"featured_media":6893,"template":"","meta":{"_acf_changed":false},"product_brand":[366],"product_cat":[801],"product_tag":[],"class_list":{"0":"post-7402","1":"product","2":"type-product","3":"status-publish","4":"has-post-thumbnail","6":"product_brand-alpinamed","7":"product_cat-a","8":"pa_packungsgroesse-30ml","10":"first","11":"instock","12":"shipping-taxable","13":"purchasable","14":"product-type-simple"},"acf":[],"_links":{"self":[{"href":"https:\/\/www.ernstbrunn-apotheke.at\/katalog\/wp-json\/wp\/v2\/product\/7402","targetHints":{"allow":["GET"]}}],"collection":[{"href":"https:\/\/www.ernstbrunn-apotheke.at\/katalog\/wp-json\/wp\/v2\/product"}],"about":[{"href":"https:\/\/www.ernstbrunn-apotheke.at\/katalog\/wp-json\/wp\/v2\/types\/product"}],"wp:featuredmedia":[{"embeddable":true,"href":"https:\/\/www.ernstbrunn-apotheke.at\/katalog\/wp-json\/wp\/v2\/media\/6893"}],"wp:attachment":[{"href":"https:\/\/www.ernstbrunn-apotheke.at\/katalog\/wp-json\/wp\/v2\/media?parent=7402"}],"wp:term":[{"taxonomy":"product_brand","embeddable":true,"href":"https:\/\/www.ernstbrunn-apotheke.at\/katalog\/wp-json\/wp\/v2\/product_brand?post=7402"},{"taxonomy":"product_cat","embeddable":true,"href":"https:\/\/www.ernstbrunn-apotheke.at\/katalog\/wp-json\/wp\/v2\/product_cat?post=7402"},{"taxonomy":"product_tag","embeddable":true,"href":"https:\/\/www.ernstbrunn-apotheke.at\/katalog\/wp-json\/wp\/v2\/product_tag?post=7402"}],"curies":[{"name":"wp","href":"https:\/\/api.w.org\/{rel}","templated":true}]}}