{"id":73975,"date":"2025-11-11T20:44:05","date_gmt":"2025-11-11T19:44:05","guid":{"rendered":"https:\/\/www.ernstbrunn-apotheke.at\/katalog\/produkt\/l-erbolario-duschgel-300-ml-viola\/"},"modified":"2025-12-08T18:32:33","modified_gmt":"2025-12-08T17:32:33","slug":"l-erbolario-duschgel-300-ml-viola","status":"publish","type":"product","link":"https:\/\/www.ernstbrunn-apotheke.at\/katalog\/produkt\/l-erbolario-duschgel-300-ml-viola\/","title":{"rendered":"L Erbolario Duschgel 300 ml Viola"},"content":{"rendered":"<p>L&#8217;Erbolario Duschgel ist voller positiver Energie. All seine Vitalit\u00e4t wird unter flie\u00dfendem Wasser, unter der Dusche oder in der Badewanne freigesetzt. Der belebende, frische Duft harmonisiert Geist und K\u00f6rper. Rein pflanzliche Tenside sorgen f\u00fcr einen sehr milden, cremigen Schaum. Dieses Produkt ist in den Varianten Assenzio (200 ml), Onda, Hedera, Arancio (250 ml) und Viola (300 ml) erh\u00e4ltlich.<\/p>\n","protected":false},"excerpt":{"rendered":"<p>L&#8217;Erbolario Duschgel ist voller positiver Energie. All seine Vitalit\u00e4t wird unter flie\u00dfendem Wasser, unter der Dusche oder in der Badewanne freigesetzt. Der belebende, frische Duft harmonisiert Geist und K\u00f6rper. Rein pflanzliche Tenside sorgen f\u00fcr einen sehr milden, cremigen Schaum. Dieses Produkt ist in den Varianten Assenzio (200 ml), Onda, Hedera, Arancio (250 ml) und Viola [&hellip;]<\/p>\n","protected":false},"featured_media":0,"template":"","meta":{"_acf_changed":false},"product_brand":[725],"product_cat":[795],"product_tag":[],"class_list":{"0":"post-73975","1":"product","2":"type-product","3":"status-publish","5":"product_brand-lerbolario","6":"product_cat-l","7":"pa_packungsgroesse-300ml","9":"first","10":"instock","11":"shipping-taxable","12":"purchasable","13":"product-type-simple"},"acf":[],"_links":{"self":[{"href":"https:\/\/www.ernstbrunn-apotheke.at\/katalog\/wp-json\/wp\/v2\/product\/73975","targetHints":{"allow":["GET"]}}],"collection":[{"href":"https:\/\/www.ernstbrunn-apotheke.at\/katalog\/wp-json\/wp\/v2\/product"}],"about":[{"href":"https:\/\/www.ernstbrunn-apotheke.at\/katalog\/wp-json\/wp\/v2\/types\/product"}],"wp:attachment":[{"href":"https:\/\/www.ernstbrunn-apotheke.at\/katalog\/wp-json\/wp\/v2\/media?parent=73975"}],"wp:term":[{"taxonomy":"product_brand","embeddable":true,"href":"https:\/\/www.ernstbrunn-apotheke.at\/katalog\/wp-json\/wp\/v2\/product_brand?post=73975"},{"taxonomy":"product_cat","embeddable":true,"href":"https:\/\/www.ernstbrunn-apotheke.at\/katalog\/wp-json\/wp\/v2\/product_cat?post=73975"},{"taxonomy":"product_tag","embeddable":true,"href":"https:\/\/www.ernstbrunn-apotheke.at\/katalog\/wp-json\/wp\/v2\/product_tag?post=73975"}],"curies":[{"name":"wp","href":"https:\/\/api.w.org\/{rel}","templated":true}]}}