{"id":7394,"date":"2025-11-07T13:12:49","date_gmt":"2025-11-07T12:12:49","guid":{"rendered":"https:\/\/www.ernstbrunn-apotheke.at\/katalog\/produkt\/padma-nervotonin-innere-ruhe-kapseln\/"},"modified":"2025-12-08T13:23:03","modified_gmt":"2025-12-08T12:23:03","slug":"padma-nervotonin-innere-ruhe-kapseln","status":"publish","type":"product","link":"https:\/\/www.ernstbrunn-apotheke.at\/katalog\/produkt\/padma-nervotonin-innere-ruhe-kapseln\/","title":{"rendered":"Padma NERVOTONIN innere Ruhe Kapseln"},"content":{"rendered":"<p>Padma Nervotonin f\u00fcr innere Ruhe sorgt ein Gleichgewicht der Energien und  st\u00e4rkt die Nerven. So hilft es innere Ruhe* zu bewahren und unterst\u00fctzt dadurch in einen normalen, erholsamen Schlaf zu finden \u2013 * Myrobalanenfr\u00fcchte unterst\u00fctzen eine normale Funktion des Nervensystems.<\/p>\n","protected":false},"excerpt":{"rendered":"<p>Padma Nervotonin f\u00fcr innere Ruhe sorgt ein Gleichgewicht der Energien und st\u00e4rkt die Nerven. So hilft es innere Ruhe* zu bewahren und unterst\u00fctzt dadurch in einen normalen, erholsamen Schlaf zu finden \u2013 * Myrobalanenfr\u00fcchte unterst\u00fctzen eine normale Funktion des Nervensystems.<\/p>\n","protected":false},"featured_media":6845,"template":"","meta":{"_acf_changed":false},"product_brand":[],"product_cat":[793],"product_tag":[],"class_list":{"0":"post-7394","1":"product","2":"type-product","3":"status-publish","4":"has-post-thumbnail","6":"product_cat-p","7":"pa_packungsgroesse-40-stueck","9":"first","10":"instock","11":"shipping-taxable","12":"purchasable","13":"product-type-simple"},"acf":[],"_links":{"self":[{"href":"https:\/\/www.ernstbrunn-apotheke.at\/katalog\/wp-json\/wp\/v2\/product\/7394","targetHints":{"allow":["GET"]}}],"collection":[{"href":"https:\/\/www.ernstbrunn-apotheke.at\/katalog\/wp-json\/wp\/v2\/product"}],"about":[{"href":"https:\/\/www.ernstbrunn-apotheke.at\/katalog\/wp-json\/wp\/v2\/types\/product"}],"wp:featuredmedia":[{"embeddable":true,"href":"https:\/\/www.ernstbrunn-apotheke.at\/katalog\/wp-json\/wp\/v2\/media\/6845"}],"wp:attachment":[{"href":"https:\/\/www.ernstbrunn-apotheke.at\/katalog\/wp-json\/wp\/v2\/media?parent=7394"}],"wp:term":[{"taxonomy":"product_brand","embeddable":true,"href":"https:\/\/www.ernstbrunn-apotheke.at\/katalog\/wp-json\/wp\/v2\/product_brand?post=7394"},{"taxonomy":"product_cat","embeddable":true,"href":"https:\/\/www.ernstbrunn-apotheke.at\/katalog\/wp-json\/wp\/v2\/product_cat?post=7394"},{"taxonomy":"product_tag","embeddable":true,"href":"https:\/\/www.ernstbrunn-apotheke.at\/katalog\/wp-json\/wp\/v2\/product_tag?post=7394"}],"curies":[{"name":"wp","href":"https:\/\/api.w.org\/{rel}","templated":true}]}}