{"id":73927,"date":"2025-11-11T20:43:42","date_gmt":"2025-11-11T19:43:42","guid":{"rendered":"https:\/\/www.ernstbrunn-apotheke.at\/katalog\/produkt\/vitacan-kreatin-monohydrat-300-g\/"},"modified":"2025-12-08T18:32:16","modified_gmt":"2025-12-08T17:32:16","slug":"vitacan-kreatin-monohydrat-300-g","status":"publish","type":"product","link":"https:\/\/www.ernstbrunn-apotheke.at\/katalog\/produkt\/vitacan-kreatin-monohydrat-300-g\/","title":{"rendered":"Vitacan Kreatin Monohydrat  300 g"},"content":{"rendered":"<p>Vitacan Kreatin Monohydrat liefert dem Muskel bei kurzen, intensiven Belastungen die n\u00f6tige Energie.  Hat der Muskel gr\u00f6\u00dfere Mengen an Kreatin, so kann mehr Energie bereitgestellt werden und die Muskelleistung wird verbessert. Erh\u00e4ltlich in den Packungsgr\u00f6\u00dfen 100g und 300g.<\/p>\n","protected":false},"excerpt":{"rendered":"<p>Vitacan Kreatin Monohydrat liefert dem Muskel bei kurzen, intensiven Belastungen die n\u00f6tige Energie. Hat der Muskel gr\u00f6\u00dfere Mengen an Kreatin, so kann mehr Energie bereitgestellt werden und die Muskelleistung wird verbessert. Erh\u00e4ltlich in den Packungsgr\u00f6\u00dfen 100g und 300g.<\/p>\n","protected":false},"featured_media":0,"template":"","meta":{"_acf_changed":false},"product_brand":[],"product_cat":[799],"product_tag":[],"class_list":{"0":"post-73927","1":"product","2":"type-product","3":"status-publish","5":"product_cat-v","6":"pa_packungsgroesse-300g","8":"first","9":"instock","10":"shipping-taxable","11":"purchasable","12":"product-type-simple"},"acf":[],"_links":{"self":[{"href":"https:\/\/www.ernstbrunn-apotheke.at\/katalog\/wp-json\/wp\/v2\/product\/73927","targetHints":{"allow":["GET"]}}],"collection":[{"href":"https:\/\/www.ernstbrunn-apotheke.at\/katalog\/wp-json\/wp\/v2\/product"}],"about":[{"href":"https:\/\/www.ernstbrunn-apotheke.at\/katalog\/wp-json\/wp\/v2\/types\/product"}],"wp:attachment":[{"href":"https:\/\/www.ernstbrunn-apotheke.at\/katalog\/wp-json\/wp\/v2\/media?parent=73927"}],"wp:term":[{"taxonomy":"product_brand","embeddable":true,"href":"https:\/\/www.ernstbrunn-apotheke.at\/katalog\/wp-json\/wp\/v2\/product_brand?post=73927"},{"taxonomy":"product_cat","embeddable":true,"href":"https:\/\/www.ernstbrunn-apotheke.at\/katalog\/wp-json\/wp\/v2\/product_cat?post=73927"},{"taxonomy":"product_tag","embeddable":true,"href":"https:\/\/www.ernstbrunn-apotheke.at\/katalog\/wp-json\/wp\/v2\/product_tag?post=73927"}],"curies":[{"name":"wp","href":"https:\/\/api.w.org\/{rel}","templated":true}]}}