{"id":73923,"date":"2025-11-11T20:43:42","date_gmt":"2025-11-11T19:43:42","guid":{"rendered":"https:\/\/www.ernstbrunn-apotheke.at\/katalog\/produkt\/st-severin-nierentee-70-g\/"},"modified":"2025-12-08T18:32:14","modified_gmt":"2025-12-08T17:32:14","slug":"st-severin-nierentee-70-g","status":"publish","type":"product","link":"https:\/\/www.ernstbrunn-apotheke.at\/katalog\/produkt\/st-severin-nierentee-70-g\/","title":{"rendered":"St. Severin Nierentee 70 g"},"content":{"rendered":"<p>St. Severin Nierentee enth\u00e4lt Hauhechelwurzel, Schachtelhalmkraut, Vogelkn\u00f6terichkraut und essigsaures Kalium. Der harntreibene Tee unterst\u00fctzt die Blasen- und Nierenfunktion. Der Tee regt die Wasserausscheidung an und unterst\u00fctzt Durchsp\u00fclungstherapiend.<\/p>\n","protected":false},"excerpt":{"rendered":"<p>St. Severin Nierentee enth\u00e4lt Hauhechelwurzel, Schachtelhalmkraut, Vogelkn\u00f6terichkraut und essigsaures Kalium. Der harntreibene Tee unterst\u00fctzt die Blasen- und Nierenfunktion. Der Tee regt die Wasserausscheidung an und unterst\u00fctzt Durchsp\u00fclungstherapiend.<\/p>\n","protected":false},"featured_media":0,"template":"","meta":{"_acf_changed":false},"product_brand":[435],"product_cat":[791],"product_tag":[],"class_list":{"0":"post-73923","1":"product","2":"type-product","3":"status-publish","5":"product_brand-st-severin","6":"product_cat-s","7":"pa_packungsgroesse-70g","9":"first","10":"instock","11":"shipping-taxable","12":"purchasable","13":"product-type-simple"},"acf":[],"_links":{"self":[{"href":"https:\/\/www.ernstbrunn-apotheke.at\/katalog\/wp-json\/wp\/v2\/product\/73923","targetHints":{"allow":["GET"]}}],"collection":[{"href":"https:\/\/www.ernstbrunn-apotheke.at\/katalog\/wp-json\/wp\/v2\/product"}],"about":[{"href":"https:\/\/www.ernstbrunn-apotheke.at\/katalog\/wp-json\/wp\/v2\/types\/product"}],"wp:attachment":[{"href":"https:\/\/www.ernstbrunn-apotheke.at\/katalog\/wp-json\/wp\/v2\/media?parent=73923"}],"wp:term":[{"taxonomy":"product_brand","embeddable":true,"href":"https:\/\/www.ernstbrunn-apotheke.at\/katalog\/wp-json\/wp\/v2\/product_brand?post=73923"},{"taxonomy":"product_cat","embeddable":true,"href":"https:\/\/www.ernstbrunn-apotheke.at\/katalog\/wp-json\/wp\/v2\/product_cat?post=73923"},{"taxonomy":"product_tag","embeddable":true,"href":"https:\/\/www.ernstbrunn-apotheke.at\/katalog\/wp-json\/wp\/v2\/product_tag?post=73923"}],"curies":[{"name":"wp","href":"https:\/\/api.w.org\/{rel}","templated":true}]}}