{"id":7392,"date":"2025-11-07T13:12:49","date_gmt":"2025-11-07T12:12:49","guid":{"rendered":"https:\/\/www.ernstbrunn-apotheke.at\/katalog\/produkt\/vitango-200mg-filmtabletten-bei-stress-und-erschoepfung\/"},"modified":"2025-12-08T13:23:02","modified_gmt":"2025-12-08T12:23:02","slug":"vitango-200mg-filmtabletten-bei-stress-und-erschoepfung","status":"publish","type":"product","link":"https:\/\/www.ernstbrunn-apotheke.at\/katalog\/produkt\/vitango-200mg-filmtabletten-bei-stress-und-erschoepfung\/","title":{"rendered":"Vitango 200mg Filmtabletten bei Stress und Ersch\u00f6pfung"},"content":{"rendered":"<p>Vitango 200 mg Filmtabletten sorgen f\u00fcr mehr Gelassenheit und Energie. Das Produkt hilft bei geistigen und k\u00f6rperlichen Symptomen von Stress, wie zum Beispiel Ersch\u00f6pfung und Schw\u00e4che. Als Folge von dauerhaftem Stress k\u00f6nnen k\u00f6rperliche Beschwerden wie Kopfschmerzen, Muskelschmerzen und Ersch\u00f6pfungszust\u00e4nde auftreten. Auch emotionale Anzeichen wie Launenhaftigkeit oder Konzentrationsprobleme sind keine Seltenheit.<\/p>\n","protected":false},"excerpt":{"rendered":"<p>Vitango 200 mg Filmtabletten sorgen f\u00fcr mehr Gelassenheit und Energie. Das Produkt hilft bei geistigen und k\u00f6rperlichen Symptomen von Stress, wie zum Beispiel Ersch\u00f6pfung und Schw\u00e4che. Als Folge von dauerhaftem Stress k\u00f6nnen k\u00f6rperliche Beschwerden wie Kopfschmerzen, Muskelschmerzen und Ersch\u00f6pfungszust\u00e4nde auftreten. Auch emotionale Anzeichen wie Launenhaftigkeit oder Konzentrationsprobleme sind keine Seltenheit.<\/p>\n","protected":false},"featured_media":6835,"template":"","meta":{"_acf_changed":false},"product_brand":[],"product_cat":[799],"product_tag":[],"class_list":{"0":"post-7392","1":"product","2":"type-product","3":"status-publish","4":"has-post-thumbnail","6":"product_cat-v","7":"pa_packungsgroesse-30-stueck","8":"pa_packungsgroesse-60-stueck","10":"first","11":"instock","12":"shipping-taxable","13":"purchasable","14":"product-type-simple"},"acf":[],"_links":{"self":[{"href":"https:\/\/www.ernstbrunn-apotheke.at\/katalog\/wp-json\/wp\/v2\/product\/7392","targetHints":{"allow":["GET"]}}],"collection":[{"href":"https:\/\/www.ernstbrunn-apotheke.at\/katalog\/wp-json\/wp\/v2\/product"}],"about":[{"href":"https:\/\/www.ernstbrunn-apotheke.at\/katalog\/wp-json\/wp\/v2\/types\/product"}],"wp:featuredmedia":[{"embeddable":true,"href":"https:\/\/www.ernstbrunn-apotheke.at\/katalog\/wp-json\/wp\/v2\/media\/6835"}],"wp:attachment":[{"href":"https:\/\/www.ernstbrunn-apotheke.at\/katalog\/wp-json\/wp\/v2\/media?parent=7392"}],"wp:term":[{"taxonomy":"product_brand","embeddable":true,"href":"https:\/\/www.ernstbrunn-apotheke.at\/katalog\/wp-json\/wp\/v2\/product_brand?post=7392"},{"taxonomy":"product_cat","embeddable":true,"href":"https:\/\/www.ernstbrunn-apotheke.at\/katalog\/wp-json\/wp\/v2\/product_cat?post=7392"},{"taxonomy":"product_tag","embeddable":true,"href":"https:\/\/www.ernstbrunn-apotheke.at\/katalog\/wp-json\/wp\/v2\/product_tag?post=7392"}],"curies":[{"name":"wp","href":"https:\/\/api.w.org\/{rel}","templated":true}]}}