{"id":73905,"date":"2025-11-11T20:42:44","date_gmt":"2025-11-11T19:42:44","guid":{"rendered":"https:\/\/www.ernstbrunn-apotheke.at\/katalog\/produkt\/prodry-vaginaltampon-30-stk\/"},"modified":"2025-12-08T18:32:08","modified_gmt":"2025-12-08T17:32:08","slug":"prodry-vaginaltampon-30-stk","status":"publish","type":"product","link":"https:\/\/www.ernstbrunn-apotheke.at\/katalog\/produkt\/prodry-vaginaltampon-30-stk\/","title":{"rendered":"ProDry Vaginaltampon 30 Stk."},"content":{"rendered":"<p>Prodry Vaginaltampon ist der Aktivschutz bei Blasenschw\u00e4che (f\u00fcr die Frau). ProDry wird gehandhabt wie ein handels\u00fcblicher Tampon. Doch durch seine elastischen Eigenschaften unterst\u00fctzt er aktiv die Beckenbodenmuskulatur und kann so den Verschluss der Harnr\u00f6hre bewirken. Gleichzeitig wird die Beckenbodenmuskulatur trainiert.<\/p>\n","protected":false},"excerpt":{"rendered":"<p>Prodry Vaginaltampon ist der Aktivschutz bei Blasenschw\u00e4che (f\u00fcr die Frau). ProDry wird gehandhabt wie ein handels\u00fcblicher Tampon. Doch durch seine elastischen Eigenschaften unterst\u00fctzt er aktiv die Beckenbodenmuskulatur und kann so den Verschluss der Harnr\u00f6hre bewirken. Gleichzeitig wird die Beckenbodenmuskulatur trainiert.<\/p>\n","protected":false},"featured_media":73907,"template":"","meta":{"_acf_changed":false},"product_brand":[],"product_cat":[793],"product_tag":[],"class_list":{"0":"post-73905","1":"product","2":"type-product","3":"status-publish","4":"has-post-thumbnail","6":"product_cat-p","7":"pa_packungsgroesse-30-stueck","9":"first","10":"instock","11":"shipping-taxable","12":"purchasable","13":"product-type-simple"},"acf":[],"_links":{"self":[{"href":"https:\/\/www.ernstbrunn-apotheke.at\/katalog\/wp-json\/wp\/v2\/product\/73905","targetHints":{"allow":["GET"]}}],"collection":[{"href":"https:\/\/www.ernstbrunn-apotheke.at\/katalog\/wp-json\/wp\/v2\/product"}],"about":[{"href":"https:\/\/www.ernstbrunn-apotheke.at\/katalog\/wp-json\/wp\/v2\/types\/product"}],"wp:featuredmedia":[{"embeddable":true,"href":"https:\/\/www.ernstbrunn-apotheke.at\/katalog\/wp-json\/wp\/v2\/media\/73907"}],"wp:attachment":[{"href":"https:\/\/www.ernstbrunn-apotheke.at\/katalog\/wp-json\/wp\/v2\/media?parent=73905"}],"wp:term":[{"taxonomy":"product_brand","embeddable":true,"href":"https:\/\/www.ernstbrunn-apotheke.at\/katalog\/wp-json\/wp\/v2\/product_brand?post=73905"},{"taxonomy":"product_cat","embeddable":true,"href":"https:\/\/www.ernstbrunn-apotheke.at\/katalog\/wp-json\/wp\/v2\/product_cat?post=73905"},{"taxonomy":"product_tag","embeddable":true,"href":"https:\/\/www.ernstbrunn-apotheke.at\/katalog\/wp-json\/wp\/v2\/product_tag?post=73905"}],"curies":[{"name":"wp","href":"https:\/\/api.w.org\/{rel}","templated":true}]}}