{"id":7390,"date":"2025-11-07T13:12:49","date_gmt":"2025-11-07T12:12:49","guid":{"rendered":"https:\/\/www.ernstbrunn-apotheke.at\/katalog\/produkt\/dr-boehm-johanniskraut-425mg-kapseln\/"},"modified":"2025-12-08T13:23:01","modified_gmt":"2025-12-08T12:23:01","slug":"dr-boehm-johanniskraut-425mg-kapseln","status":"publish","type":"product","link":"https:\/\/www.ernstbrunn-apotheke.at\/katalog\/produkt\/dr-boehm-johanniskraut-425mg-kapseln\/","title":{"rendered":"Dr. B\u00f6hm JOHANNISKRAUT 425mg KAPSELN"},"content":{"rendered":"<p>Dr. B\u00f6hm Johanniskraut Kapseln dienen der Behandlung von nervlichen und k\u00f6rperlichen Beschwerden ohne erkennbaren Ursachen, Verstimmungszust\u00e4nden, Niedergeschlagenheit, Angst und nerv\u00f6ser Unruhe.<\/p>\n","protected":false},"excerpt":{"rendered":"<p>Dr. B\u00f6hm Johanniskraut Kapseln dienen der Behandlung von nervlichen und k\u00f6rperlichen Beschwerden ohne erkennbaren Ursachen, Verstimmungszust\u00e4nden, Niedergeschlagenheit, Angst und nerv\u00f6ser Unruhe.<\/p>\n","protected":false},"featured_media":6825,"template":"","meta":{"_acf_changed":false},"product_brand":[365],"product_cat":[792],"product_tag":[],"class_list":{"0":"post-7390","1":"product","2":"type-product","3":"status-publish","4":"has-post-thumbnail","6":"product_brand-dr-boehm","7":"product_cat-d","8":"pa_packungsgroesse-30-stueck","9":"pa_packungsgroesse-60-stueck","11":"first","12":"instock","13":"shipping-taxable","14":"purchasable","15":"product-type-simple"},"acf":[],"_links":{"self":[{"href":"https:\/\/www.ernstbrunn-apotheke.at\/katalog\/wp-json\/wp\/v2\/product\/7390","targetHints":{"allow":["GET"]}}],"collection":[{"href":"https:\/\/www.ernstbrunn-apotheke.at\/katalog\/wp-json\/wp\/v2\/product"}],"about":[{"href":"https:\/\/www.ernstbrunn-apotheke.at\/katalog\/wp-json\/wp\/v2\/types\/product"}],"wp:featuredmedia":[{"embeddable":true,"href":"https:\/\/www.ernstbrunn-apotheke.at\/katalog\/wp-json\/wp\/v2\/media\/6825"}],"wp:attachment":[{"href":"https:\/\/www.ernstbrunn-apotheke.at\/katalog\/wp-json\/wp\/v2\/media?parent=7390"}],"wp:term":[{"taxonomy":"product_brand","embeddable":true,"href":"https:\/\/www.ernstbrunn-apotheke.at\/katalog\/wp-json\/wp\/v2\/product_brand?post=7390"},{"taxonomy":"product_cat","embeddable":true,"href":"https:\/\/www.ernstbrunn-apotheke.at\/katalog\/wp-json\/wp\/v2\/product_cat?post=7390"},{"taxonomy":"product_tag","embeddable":true,"href":"https:\/\/www.ernstbrunn-apotheke.at\/katalog\/wp-json\/wp\/v2\/product_tag?post=7390"}],"curies":[{"name":"wp","href":"https:\/\/api.w.org\/{rel}","templated":true}]}}