{"id":73849,"date":"2025-11-11T20:42:06","date_gmt":"2025-11-11T19:42:06","guid":{"rendered":"https:\/\/www.ernstbrunn-apotheke.at\/katalog\/produkt\/ahava-mineral-handcreme-100-ml\/"},"modified":"2025-12-08T18:31:47","modified_gmt":"2025-12-08T17:31:47","slug":"ahava-mineral-handcreme-100-ml","status":"publish","type":"product","link":"https:\/\/www.ernstbrunn-apotheke.at\/katalog\/produkt\/ahava-mineral-handcreme-100-ml\/","title":{"rendered":"AHAVA MINERAL HANDCREME 100 ML"},"content":{"rendered":"<p>Ahava Mineral Hand Creme wurde speziell konzipiert, die H\u00e4nde zu sch\u00fctzen und vor sch\u00e4dlichen Einfl\u00fcssen aus Umwelt und Haushalt zu bewahren. Sie verbessert den Feuchtigkeitsgehalt, gl\u00e4ttet raue, trockene Haut und macht sie zart und geschmeidig.<\/p>\n","protected":false},"excerpt":{"rendered":"<p>Ahava Mineral Hand Creme wurde speziell konzipiert, die H\u00e4nde zu sch\u00fctzen und vor sch\u00e4dlichen Einfl\u00fcssen aus Umwelt und Haushalt zu bewahren. Sie verbessert den Feuchtigkeitsgehalt, gl\u00e4ttet raue, trockene Haut und macht sie zart und geschmeidig.<\/p>\n","protected":false},"featured_media":0,"template":"","meta":{"_acf_changed":false},"product_brand":[],"product_cat":[801],"product_tag":[],"class_list":{"0":"post-73849","1":"product","2":"type-product","3":"status-publish","5":"product_cat-a","6":"pa_packungsgroesse-100ml","8":"first","9":"instock","10":"shipping-taxable","11":"purchasable","12":"product-type-simple"},"acf":[],"_links":{"self":[{"href":"https:\/\/www.ernstbrunn-apotheke.at\/katalog\/wp-json\/wp\/v2\/product\/73849","targetHints":{"allow":["GET"]}}],"collection":[{"href":"https:\/\/www.ernstbrunn-apotheke.at\/katalog\/wp-json\/wp\/v2\/product"}],"about":[{"href":"https:\/\/www.ernstbrunn-apotheke.at\/katalog\/wp-json\/wp\/v2\/types\/product"}],"wp:attachment":[{"href":"https:\/\/www.ernstbrunn-apotheke.at\/katalog\/wp-json\/wp\/v2\/media?parent=73849"}],"wp:term":[{"taxonomy":"product_brand","embeddable":true,"href":"https:\/\/www.ernstbrunn-apotheke.at\/katalog\/wp-json\/wp\/v2\/product_brand?post=73849"},{"taxonomy":"product_cat","embeddable":true,"href":"https:\/\/www.ernstbrunn-apotheke.at\/katalog\/wp-json\/wp\/v2\/product_cat?post=73849"},{"taxonomy":"product_tag","embeddable":true,"href":"https:\/\/www.ernstbrunn-apotheke.at\/katalog\/wp-json\/wp\/v2\/product_tag?post=73849"}],"curies":[{"name":"wp","href":"https:\/\/api.w.org\/{rel}","templated":true}]}}