{"id":73792,"date":"2025-11-11T20:40:55","date_gmt":"2025-11-11T19:40:55","guid":{"rendered":"https:\/\/www.ernstbrunn-apotheke.at\/katalog\/produkt\/blasentang-kapseln-2\/"},"modified":"2025-12-08T18:31:33","modified_gmt":"2025-12-08T17:31:33","slug":"blasentang-kapseln-2","status":"publish","type":"product","link":"https:\/\/www.ernstbrunn-apotheke.at\/katalog\/produkt\/blasentang-kapseln-2\/","title":{"rendered":"Blasentang Kapseln"},"content":{"rendered":"<p>Blasentang GPH Kapseln enthalten 150 \u00b5g Jod, das zu einer normalen Produktion von Schilddr\u00fcsenhormonen und zu einer normalen Schilddr\u00fcsenfunktion beitr\u00e4gt. Wenn Symptome eines Jodmangels, wie zum Beispiel Antriebslosigkeit, Gewichtszunahme und M\u00fcdigkeit auftreten, erg\u00e4nzen Blasentang GPH Kapsel die Ern\u00e4hrung sinnvoll. erhalten Sie dieses Produkt in Packungen zu 90, 180 und 360 St\u00fcck.<\/p>\n","protected":false},"excerpt":{"rendered":"<p>Blasentang GPH Kapseln enthalten 150 \u00b5g Jod, das zu einer normalen Produktion von Schilddr\u00fcsenhormonen und zu einer normalen Schilddr\u00fcsenfunktion beitr\u00e4gt. Wenn Symptome eines Jodmangels, wie zum Beispiel Antriebslosigkeit, Gewichtszunahme und M\u00fcdigkeit auftreten, erg\u00e4nzen Blasentang GPH Kapsel die Ern\u00e4hrung sinnvoll. erhalten Sie dieses Produkt in Packungen zu 90, 180 und 360 St\u00fcck.<\/p>\n","protected":false},"featured_media":73794,"template":"","meta":{"_acf_changed":false},"product_brand":[371],"product_cat":[802],"product_tag":[],"class_list":{"0":"post-73792","1":"product","2":"type-product","3":"status-publish","4":"has-post-thumbnail","6":"product_brand-gall-pharma","7":"product_cat-b","8":"pa_packungsgroesse-90-stueck","10":"first","11":"instock","12":"shipping-taxable","13":"purchasable","14":"product-type-simple"},"acf":[],"_links":{"self":[{"href":"https:\/\/www.ernstbrunn-apotheke.at\/katalog\/wp-json\/wp\/v2\/product\/73792","targetHints":{"allow":["GET"]}}],"collection":[{"href":"https:\/\/www.ernstbrunn-apotheke.at\/katalog\/wp-json\/wp\/v2\/product"}],"about":[{"href":"https:\/\/www.ernstbrunn-apotheke.at\/katalog\/wp-json\/wp\/v2\/types\/product"}],"wp:featuredmedia":[{"embeddable":true,"href":"https:\/\/www.ernstbrunn-apotheke.at\/katalog\/wp-json\/wp\/v2\/media\/73794"}],"wp:attachment":[{"href":"https:\/\/www.ernstbrunn-apotheke.at\/katalog\/wp-json\/wp\/v2\/media?parent=73792"}],"wp:term":[{"taxonomy":"product_brand","embeddable":true,"href":"https:\/\/www.ernstbrunn-apotheke.at\/katalog\/wp-json\/wp\/v2\/product_brand?post=73792"},{"taxonomy":"product_cat","embeddable":true,"href":"https:\/\/www.ernstbrunn-apotheke.at\/katalog\/wp-json\/wp\/v2\/product_cat?post=73792"},{"taxonomy":"product_tag","embeddable":true,"href":"https:\/\/www.ernstbrunn-apotheke.at\/katalog\/wp-json\/wp\/v2\/product_tag?post=73792"}],"curies":[{"name":"wp","href":"https:\/\/api.w.org\/{rel}","templated":true}]}}