{"id":73707,"date":"2025-11-11T20:39:15","date_gmt":"2025-11-11T19:39:15","guid":{"rendered":"https:\/\/www.ernstbrunn-apotheke.at\/katalog\/produkt\/adler-bachblueten-mimulus-tropfen-10-ml\/"},"modified":"2025-12-08T18:31:05","modified_gmt":"2025-12-08T17:31:05","slug":"adler-bachblueten-mimulus-tropfen-10-ml","status":"publish","type":"product","link":"https:\/\/www.ernstbrunn-apotheke.at\/katalog\/produkt\/adler-bachblueten-mimulus-tropfen-10-ml\/","title":{"rendered":"Adler Bachbl\u00fcten Mimulus Tropfen 10 ml"},"content":{"rendered":"<p>Adler Bachbl\u00fcten Mimulus Tropfen 10 ml sind Teil der &#8222;Ersten Zw\u00f6lf&#8220; Bachbl\u00fcten und beschreiben, was f\u00fcr ein Typ Mensch Sie sind. Mimulus Tropfen eignen sich f\u00fcr Menschen, die ein Gef\u00fchl von Angst versp\u00fcren oder allgemein zu \u00e4ngstlich sind und k\u00f6nnen bei unn\u00f6tiger Furcht, \u00c4ngstlichkeit, Zaghaftigkeit und Sch\u00fcchternheit unterst\u00fctzend wirken.<\/p>\n","protected":false},"excerpt":{"rendered":"<p>Adler Bachbl\u00fcten Mimulus Tropfen 10 ml sind Teil der &#8222;Ersten Zw\u00f6lf&#8220; Bachbl\u00fcten und beschreiben, was f\u00fcr ein Typ Mensch Sie sind. Mimulus Tropfen eignen sich f\u00fcr Menschen, die ein Gef\u00fchl von Angst versp\u00fcren oder allgemein zu \u00e4ngstlich sind und k\u00f6nnen bei unn\u00f6tiger Furcht, \u00c4ngstlichkeit, Zaghaftigkeit und Sch\u00fcchternheit unterst\u00fctzend wirken.<\/p>\n","protected":false},"featured_media":73709,"template":"","meta":{"_acf_changed":false},"product_brand":[928],"product_cat":[801],"product_tag":[],"class_list":{"0":"post-73707","1":"product","2":"type-product","3":"status-publish","4":"has-post-thumbnail","6":"product_brand-adler-pharma","7":"product_cat-a","8":"pa_packungsgroesse-10ml","10":"first","11":"instock","12":"shipping-taxable","13":"purchasable","14":"product-type-simple"},"acf":[],"_links":{"self":[{"href":"https:\/\/www.ernstbrunn-apotheke.at\/katalog\/wp-json\/wp\/v2\/product\/73707","targetHints":{"allow":["GET"]}}],"collection":[{"href":"https:\/\/www.ernstbrunn-apotheke.at\/katalog\/wp-json\/wp\/v2\/product"}],"about":[{"href":"https:\/\/www.ernstbrunn-apotheke.at\/katalog\/wp-json\/wp\/v2\/types\/product"}],"wp:featuredmedia":[{"embeddable":true,"href":"https:\/\/www.ernstbrunn-apotheke.at\/katalog\/wp-json\/wp\/v2\/media\/73709"}],"wp:attachment":[{"href":"https:\/\/www.ernstbrunn-apotheke.at\/katalog\/wp-json\/wp\/v2\/media?parent=73707"}],"wp:term":[{"taxonomy":"product_brand","embeddable":true,"href":"https:\/\/www.ernstbrunn-apotheke.at\/katalog\/wp-json\/wp\/v2\/product_brand?post=73707"},{"taxonomy":"product_cat","embeddable":true,"href":"https:\/\/www.ernstbrunn-apotheke.at\/katalog\/wp-json\/wp\/v2\/product_cat?post=73707"},{"taxonomy":"product_tag","embeddable":true,"href":"https:\/\/www.ernstbrunn-apotheke.at\/katalog\/wp-json\/wp\/v2\/product_tag?post=73707"}],"curies":[{"name":"wp","href":"https:\/\/api.w.org\/{rel}","templated":true}]}}