{"id":73683,"date":"2025-11-11T20:38:52","date_gmt":"2025-11-11T19:38:52","guid":{"rendered":"https:\/\/www.ernstbrunn-apotheke.at\/katalog\/produkt\/vitamin-b-gesamtkomplex-kapseln-2\/"},"modified":"2025-12-08T18:30:55","modified_gmt":"2025-12-08T17:30:55","slug":"vitamin-b-gesamtkomplex-kapseln-2","status":"publish","type":"product","link":"https:\/\/www.ernstbrunn-apotheke.at\/katalog\/produkt\/vitamin-b-gesamtkomplex-kapseln-2\/","title":{"rendered":"Vitamin B Gesamtkomplex Kapseln"},"content":{"rendered":"<p>Gall Pharma Vitamin B-Gesamtkomplex Kapseln 90 Stk. enthalten die gesamten Vitamine des B-Komplexes in jener Menge, wie diese f\u00fcr die t\u00e4gliche Ern\u00e4hrung empfohlen und unerl\u00e4sslich sind. Die B-Vitamine haben Bedeutung f\u00fcr den Energiestoffwechsel, die Energieproduktion aus Fett, Eiwei\u00df und Kohlenhydraten, Nerven, Blutbildung, Wachstum, Zellatmung, Zellregeneration, Haut und Haare \u2013 jetzt Spitzenprodukte von Gall Pharma mit hohem Rabatt bestellen!<\/p>\n","protected":false},"excerpt":{"rendered":"<p>Gall Pharma Vitamin B-Gesamtkomplex Kapseln 90 Stk. enthalten die gesamten Vitamine des B-Komplexes in jener Menge, wie diese f\u00fcr die t\u00e4gliche Ern\u00e4hrung empfohlen und unerl\u00e4sslich sind. Die B-Vitamine haben Bedeutung f\u00fcr den Energiestoffwechsel, die Energieproduktion aus Fett, Eiwei\u00df und Kohlenhydraten, Nerven, Blutbildung, Wachstum, Zellatmung, Zellregeneration, Haut und Haare \u2013 jetzt Spitzenprodukte von Gall Pharma mit [&hellip;]<\/p>\n","protected":false},"featured_media":73685,"template":"","meta":{"_acf_changed":false},"product_brand":[371],"product_cat":[799],"product_tag":[],"class_list":{"0":"post-73683","1":"product","2":"type-product","3":"status-publish","4":"has-post-thumbnail","6":"product_brand-gall-pharma","7":"product_cat-v","8":"pa_packungsgroesse-90-stueck","10":"first","11":"instock","12":"shipping-taxable","13":"purchasable","14":"product-type-simple"},"acf":[],"_links":{"self":[{"href":"https:\/\/www.ernstbrunn-apotheke.at\/katalog\/wp-json\/wp\/v2\/product\/73683","targetHints":{"allow":["GET"]}}],"collection":[{"href":"https:\/\/www.ernstbrunn-apotheke.at\/katalog\/wp-json\/wp\/v2\/product"}],"about":[{"href":"https:\/\/www.ernstbrunn-apotheke.at\/katalog\/wp-json\/wp\/v2\/types\/product"}],"wp:featuredmedia":[{"embeddable":true,"href":"https:\/\/www.ernstbrunn-apotheke.at\/katalog\/wp-json\/wp\/v2\/media\/73685"}],"wp:attachment":[{"href":"https:\/\/www.ernstbrunn-apotheke.at\/katalog\/wp-json\/wp\/v2\/media?parent=73683"}],"wp:term":[{"taxonomy":"product_brand","embeddable":true,"href":"https:\/\/www.ernstbrunn-apotheke.at\/katalog\/wp-json\/wp\/v2\/product_brand?post=73683"},{"taxonomy":"product_cat","embeddable":true,"href":"https:\/\/www.ernstbrunn-apotheke.at\/katalog\/wp-json\/wp\/v2\/product_cat?post=73683"},{"taxonomy":"product_tag","embeddable":true,"href":"https:\/\/www.ernstbrunn-apotheke.at\/katalog\/wp-json\/wp\/v2\/product_tag?post=73683"}],"curies":[{"name":"wp","href":"https:\/\/api.w.org\/{rel}","templated":true}]}}