{"id":73668,"date":"2025-11-11T20:38:52","date_gmt":"2025-11-11T19:38:52","guid":{"rendered":"https:\/\/www.ernstbrunn-apotheke.at\/katalog\/produkt\/abtei-mariendistel-oel-tabletten-30-stk\/"},"modified":"2025-12-08T18:30:47","modified_gmt":"2025-12-08T17:30:47","slug":"abtei-mariendistel-oel-tabletten-30-stk","status":"publish","type":"product","link":"https:\/\/www.ernstbrunn-apotheke.at\/katalog\/produkt\/abtei-mariendistel-oel-tabletten-30-stk\/","title":{"rendered":"Abtei Mariendistel \u00d6l Tabletten 30 Stk."},"content":{"rendered":"<p>Abtei Mariendistel \u2026l Tabletten kombinieren hochwertiges \u2026l aus Mariendistelfr\u0178chten mit Artischockenbl\u0160tterextrakt zur Unterst\u0178tzung des Leber-Galle-Systems und f\u0178r eine gesunde Verdauungsfunktion. Diese Tabletten unterst\u0178tzen die Leberfunktion und f\u0161rdern die  Fettverdauung. Au\u00a7erdem unterst\u0178tzt dieses Produkt den Stoffwechsel der Leber.Nur 1x t\u0160glich<\/p>\n","protected":false},"excerpt":{"rendered":"<p>Abtei Mariendistel \u2026l Tabletten kombinieren hochwertiges \u2026l aus Mariendistelfr\u0178chten mit Artischockenbl\u0160tterextrakt zur Unterst\u0178tzung des Leber-Galle-Systems und f\u0178r eine gesunde Verdauungsfunktion. Diese Tabletten unterst\u0178tzen die Leberfunktion und f\u0161rdern die Fettverdauung. Au\u00a7erdem unterst\u0178tzt dieses Produkt den Stoffwechsel der Leber.Nur 1x t\u0160glich<\/p>\n","protected":false},"featured_media":73670,"template":"","meta":{"_acf_changed":false},"product_brand":[484],"product_cat":[801],"product_tag":[],"class_list":{"0":"post-73668","1":"product","2":"type-product","3":"status-publish","4":"has-post-thumbnail","6":"product_brand-abtei","7":"product_cat-a","8":"pa_packungsgroesse-30-stueck","10":"first","11":"instock","12":"shipping-taxable","13":"purchasable","14":"product-type-simple"},"acf":[],"_links":{"self":[{"href":"https:\/\/www.ernstbrunn-apotheke.at\/katalog\/wp-json\/wp\/v2\/product\/73668","targetHints":{"allow":["GET"]}}],"collection":[{"href":"https:\/\/www.ernstbrunn-apotheke.at\/katalog\/wp-json\/wp\/v2\/product"}],"about":[{"href":"https:\/\/www.ernstbrunn-apotheke.at\/katalog\/wp-json\/wp\/v2\/types\/product"}],"wp:featuredmedia":[{"embeddable":true,"href":"https:\/\/www.ernstbrunn-apotheke.at\/katalog\/wp-json\/wp\/v2\/media\/73670"}],"wp:attachment":[{"href":"https:\/\/www.ernstbrunn-apotheke.at\/katalog\/wp-json\/wp\/v2\/media?parent=73668"}],"wp:term":[{"taxonomy":"product_brand","embeddable":true,"href":"https:\/\/www.ernstbrunn-apotheke.at\/katalog\/wp-json\/wp\/v2\/product_brand?post=73668"},{"taxonomy":"product_cat","embeddable":true,"href":"https:\/\/www.ernstbrunn-apotheke.at\/katalog\/wp-json\/wp\/v2\/product_cat?post=73668"},{"taxonomy":"product_tag","embeddable":true,"href":"https:\/\/www.ernstbrunn-apotheke.at\/katalog\/wp-json\/wp\/v2\/product_tag?post=73668"}],"curies":[{"name":"wp","href":"https:\/\/api.w.org\/{rel}","templated":true}]}}