{"id":73661,"date":"2025-11-11T20:37:37","date_gmt":"2025-11-11T19:37:37","guid":{"rendered":"https:\/\/www.ernstbrunn-apotheke.at\/katalog\/produkt\/propolis-thymian-spray-30-ml\/"},"modified":"2025-12-08T18:30:45","modified_gmt":"2025-12-08T17:30:45","slug":"propolis-thymian-spray-30-ml","status":"publish","type":"product","link":"https:\/\/www.ernstbrunn-apotheke.at\/katalog\/produkt\/propolis-thymian-spray-30-ml\/","title":{"rendered":"Propolis Thymian Spray 30 ml"},"content":{"rendered":"<p>Nahrungserg\u00e4nzungsmittel mit S\u00fc\u00dfungsmittel. Kamille, Thymian und Wegrauke sind f\u00fcr ihre wohltuende Wirkung auf den Hals bekannt. Enth\u00e4lt Polyole \u2013 kann bei \u00fcberm\u00e4\u00dfigem Verzehr abf\u00fchrend wirken. Aufgrund des Gehaltes an Alkohol wird der Propolis-Thymian Spray f\u00fcr schwangere und stillende Frauen sowie f\u00fcr Kinder unter 12 Jahren nicht empfohlen.<\/p>\n<p><\/p>\n","protected":false},"excerpt":{"rendered":"<p>Nahrungserg\u00e4nzungsmittel mit S\u00fc\u00dfungsmittel. Kamille, Thymian und Wegrauke sind f\u00fcr ihre wohltuende Wirkung auf den Hals bekannt. Enth\u00e4lt Polyole \u2013 kann bei \u00fcberm\u00e4\u00dfigem Verzehr abf\u00fchrend wirken. Aufgrund des Gehaltes an Alkohol wird der Propolis-Thymian Spray f\u00fcr schwangere und stillende Frauen sowie f\u00fcr Kinder unter 12 Jahren nicht empfohlen.<\/p>\n","protected":false},"featured_media":73663,"template":"","meta":{"_acf_changed":false},"product_brand":[],"product_cat":[793],"product_tag":[],"class_list":{"0":"post-73661","1":"product","2":"type-product","3":"status-publish","4":"has-post-thumbnail","6":"product_cat-p","7":"pa_packungsgroesse-30ml","9":"first","10":"instock","11":"shipping-taxable","12":"purchasable","13":"product-type-simple"},"acf":[],"_links":{"self":[{"href":"https:\/\/www.ernstbrunn-apotheke.at\/katalog\/wp-json\/wp\/v2\/product\/73661","targetHints":{"allow":["GET"]}}],"collection":[{"href":"https:\/\/www.ernstbrunn-apotheke.at\/katalog\/wp-json\/wp\/v2\/product"}],"about":[{"href":"https:\/\/www.ernstbrunn-apotheke.at\/katalog\/wp-json\/wp\/v2\/types\/product"}],"wp:featuredmedia":[{"embeddable":true,"href":"https:\/\/www.ernstbrunn-apotheke.at\/katalog\/wp-json\/wp\/v2\/media\/73663"}],"wp:attachment":[{"href":"https:\/\/www.ernstbrunn-apotheke.at\/katalog\/wp-json\/wp\/v2\/media?parent=73661"}],"wp:term":[{"taxonomy":"product_brand","embeddable":true,"href":"https:\/\/www.ernstbrunn-apotheke.at\/katalog\/wp-json\/wp\/v2\/product_brand?post=73661"},{"taxonomy":"product_cat","embeddable":true,"href":"https:\/\/www.ernstbrunn-apotheke.at\/katalog\/wp-json\/wp\/v2\/product_cat?post=73661"},{"taxonomy":"product_tag","embeddable":true,"href":"https:\/\/www.ernstbrunn-apotheke.at\/katalog\/wp-json\/wp\/v2\/product_tag?post=73661"}],"curies":[{"name":"wp","href":"https:\/\/api.w.org\/{rel}","templated":true}]}}