{"id":73550,"date":"2025-11-11T20:36:43","date_gmt":"2025-11-11T19:36:43","guid":{"rendered":"https:\/\/www.ernstbrunn-apotheke.at\/katalog\/produkt\/life-light-kapseln-para-release-60-stk\/"},"modified":"2025-12-08T18:30:16","modified_gmt":"2025-12-08T17:30:16","slug":"life-light-kapseln-para-release-60-stk","status":"publish","type":"product","link":"https:\/\/www.ernstbrunn-apotheke.at\/katalog\/produkt\/life-light-kapseln-para-release-60-stk\/","title":{"rendered":"Life Light Kapseln Para Release 60 Stk."},"content":{"rendered":"<p>Life Light Kapseln Para Release beinhalteen nat\u00fcrliche, pflanzliche Wirkstoffe in idealer Kombination. Brokkoli-Extrakt enth\u00e4lt Sulforaphan, das die Wirkungen der Brunnenkresse und des Wermutkrautes optimal unterst\u00fctzt. Die Inhaltsstoffe entfalten synergistische Wirkungen, die sich positiv auf das Wohlbefinden des Menschen auswirken.<\/p>\n","protected":false},"excerpt":{"rendered":"<p>Life Light Kapseln Para Release beinhalteen nat\u00fcrliche, pflanzliche Wirkstoffe in idealer Kombination. Brokkoli-Extrakt enth\u00e4lt Sulforaphan, das die Wirkungen der Brunnenkresse und des Wermutkrautes optimal unterst\u00fctzt. Die Inhaltsstoffe entfalten synergistische Wirkungen, die sich positiv auf das Wohlbefinden des Menschen auswirken.<\/p>\n","protected":false},"featured_media":73552,"template":"","meta":{"_acf_changed":false},"product_brand":[],"product_cat":[795],"product_tag":[],"class_list":{"0":"post-73550","1":"product","2":"type-product","3":"status-publish","4":"has-post-thumbnail","6":"product_cat-l","7":"pa_packungsgroesse-60-stueck","9":"first","10":"instock","11":"shipping-taxable","12":"purchasable","13":"product-type-simple"},"acf":[],"_links":{"self":[{"href":"https:\/\/www.ernstbrunn-apotheke.at\/katalog\/wp-json\/wp\/v2\/product\/73550","targetHints":{"allow":["GET"]}}],"collection":[{"href":"https:\/\/www.ernstbrunn-apotheke.at\/katalog\/wp-json\/wp\/v2\/product"}],"about":[{"href":"https:\/\/www.ernstbrunn-apotheke.at\/katalog\/wp-json\/wp\/v2\/types\/product"}],"wp:featuredmedia":[{"embeddable":true,"href":"https:\/\/www.ernstbrunn-apotheke.at\/katalog\/wp-json\/wp\/v2\/media\/73552"}],"wp:attachment":[{"href":"https:\/\/www.ernstbrunn-apotheke.at\/katalog\/wp-json\/wp\/v2\/media?parent=73550"}],"wp:term":[{"taxonomy":"product_brand","embeddable":true,"href":"https:\/\/www.ernstbrunn-apotheke.at\/katalog\/wp-json\/wp\/v2\/product_brand?post=73550"},{"taxonomy":"product_cat","embeddable":true,"href":"https:\/\/www.ernstbrunn-apotheke.at\/katalog\/wp-json\/wp\/v2\/product_cat?post=73550"},{"taxonomy":"product_tag","embeddable":true,"href":"https:\/\/www.ernstbrunn-apotheke.at\/katalog\/wp-json\/wp\/v2\/product_tag?post=73550"}],"curies":[{"name":"wp","href":"https:\/\/api.w.org\/{rel}","templated":true}]}}