{"id":73541,"date":"2025-11-11T20:35:44","date_gmt":"2025-11-11T19:35:44","guid":{"rendered":"https:\/\/www.ernstbrunn-apotheke.at\/katalog\/produkt\/bstaendig-urinbeutel-unsteril-15l-10-stk\/"},"modified":"2025-12-08T18:30:12","modified_gmt":"2025-12-08T17:30:12","slug":"bstaendig-urinbeutel-unsteril-15l-10-stk","status":"publish","type":"product","link":"https:\/\/www.ernstbrunn-apotheke.at\/katalog\/produkt\/bstaendig-urinbeutel-unsteril-15l-10-stk\/","title":{"rendered":"Bst\u00e4ndig Urinbeutel unsteril 1,5L 10 Stk."},"content":{"rendered":"<p>Bst\u00e4ndig Urinbeutel unsteril wird den unterschiedlichsten Anspr\u00fcchen gerecht. Der Urinbeutel kann am Ober- oder Unterschenkel getragen werden und wird mit speziellen Halterungen sicher am Bein fixiert.<\/p>\n","protected":false},"excerpt":{"rendered":"<p>Bst\u00e4ndig Urinbeutel unsteril wird den unterschiedlichsten Anspr\u00fcchen gerecht. Der Urinbeutel kann am Ober- oder Unterschenkel getragen werden und wird mit speziellen Halterungen sicher am Bein fixiert.<\/p>\n","protected":false},"featured_media":73543,"template":"","meta":{"_acf_changed":false},"product_brand":[],"product_cat":[802],"product_tag":[],"class_list":{"0":"post-73541","1":"product","2":"type-product","3":"status-publish","4":"has-post-thumbnail","6":"product_cat-b","7":"pa_packungsgroesse-10-beutel","9":"first","10":"instock","11":"shipping-taxable","12":"purchasable","13":"product-type-simple"},"acf":[],"_links":{"self":[{"href":"https:\/\/www.ernstbrunn-apotheke.at\/katalog\/wp-json\/wp\/v2\/product\/73541","targetHints":{"allow":["GET"]}}],"collection":[{"href":"https:\/\/www.ernstbrunn-apotheke.at\/katalog\/wp-json\/wp\/v2\/product"}],"about":[{"href":"https:\/\/www.ernstbrunn-apotheke.at\/katalog\/wp-json\/wp\/v2\/types\/product"}],"wp:featuredmedia":[{"embeddable":true,"href":"https:\/\/www.ernstbrunn-apotheke.at\/katalog\/wp-json\/wp\/v2\/media\/73543"}],"wp:attachment":[{"href":"https:\/\/www.ernstbrunn-apotheke.at\/katalog\/wp-json\/wp\/v2\/media?parent=73541"}],"wp:term":[{"taxonomy":"product_brand","embeddable":true,"href":"https:\/\/www.ernstbrunn-apotheke.at\/katalog\/wp-json\/wp\/v2\/product_brand?post=73541"},{"taxonomy":"product_cat","embeddable":true,"href":"https:\/\/www.ernstbrunn-apotheke.at\/katalog\/wp-json\/wp\/v2\/product_cat?post=73541"},{"taxonomy":"product_tag","embeddable":true,"href":"https:\/\/www.ernstbrunn-apotheke.at\/katalog\/wp-json\/wp\/v2\/product_tag?post=73541"}],"curies":[{"name":"wp","href":"https:\/\/api.w.org\/{rel}","templated":true}]}}