{"id":73454,"date":"2025-11-11T20:34:46","date_gmt":"2025-11-11T19:34:46","guid":{"rendered":"https:\/\/www.ernstbrunn-apotheke.at\/katalog\/produkt\/hipp-combiotik-anfangsmilch-200-ml\/"},"modified":"2025-12-08T18:29:38","modified_gmt":"2025-12-08T17:29:38","slug":"hipp-combiotik-anfangsmilch-200-ml","status":"publish","type":"product","link":"https:\/\/www.ernstbrunn-apotheke.at\/katalog\/produkt\/hipp-combiotik-anfangsmilch-200-ml\/","title":{"rendered":"Hipp COMBIOTIK Anfangsmilch 200 ml"},"content":{"rendered":"<p>Die bereits trinkfertig portionierte Hipp HA1 COMBIOTIK Anfangsmilch kann von Geburt an zur alleinigen Flaschenern\u00e4hrung oder neben dem Stillen gef\u00fcttert werden und eignet sich besonders f\u00fcr Kinder mit erh\u00f6htem Allergierisiko. Neben nat\u00fcrlichen Milchs\u00e4urekulturen, die urspr\u00fcnglich aus Muttermilch gewonnen wurden, enth\u00e4lt die Milch Omega-3, das die Entwicklung von Gehirn- und Nervenzellen unterst\u00fctzt und vor allem in den ersten Lebensmonaten besonders wichtig ist &#8211;<\/p>\n","protected":false},"excerpt":{"rendered":"<p>Die bereits trinkfertig portionierte Hipp HA1 COMBIOTIK Anfangsmilch kann von Geburt an zur alleinigen Flaschenern\u00e4hrung oder neben dem Stillen gef\u00fcttert werden und eignet sich besonders f\u00fcr Kinder mit erh\u00f6htem Allergierisiko. Neben nat\u00fcrlichen Milchs\u00e4urekulturen, die urspr\u00fcnglich aus Muttermilch gewonnen wurden, enth\u00e4lt die Milch Omega-3, das die Entwicklung von Gehirn- und Nervenzellen unterst\u00fctzt und vor allem in [&hellip;]<\/p>\n","protected":false},"featured_media":73456,"template":"","meta":{"_acf_changed":false},"product_brand":[],"product_cat":[805],"product_tag":[],"class_list":{"0":"post-73454","1":"product","2":"type-product","3":"status-publish","4":"has-post-thumbnail","6":"product_cat-h","7":"pa_packungsgroesse-200ml","9":"first","10":"instock","11":"shipping-taxable","12":"purchasable","13":"product-type-simple"},"acf":[],"_links":{"self":[{"href":"https:\/\/www.ernstbrunn-apotheke.at\/katalog\/wp-json\/wp\/v2\/product\/73454","targetHints":{"allow":["GET"]}}],"collection":[{"href":"https:\/\/www.ernstbrunn-apotheke.at\/katalog\/wp-json\/wp\/v2\/product"}],"about":[{"href":"https:\/\/www.ernstbrunn-apotheke.at\/katalog\/wp-json\/wp\/v2\/types\/product"}],"wp:featuredmedia":[{"embeddable":true,"href":"https:\/\/www.ernstbrunn-apotheke.at\/katalog\/wp-json\/wp\/v2\/media\/73456"}],"wp:attachment":[{"href":"https:\/\/www.ernstbrunn-apotheke.at\/katalog\/wp-json\/wp\/v2\/media?parent=73454"}],"wp:term":[{"taxonomy":"product_brand","embeddable":true,"href":"https:\/\/www.ernstbrunn-apotheke.at\/katalog\/wp-json\/wp\/v2\/product_brand?post=73454"},{"taxonomy":"product_cat","embeddable":true,"href":"https:\/\/www.ernstbrunn-apotheke.at\/katalog\/wp-json\/wp\/v2\/product_cat?post=73454"},{"taxonomy":"product_tag","embeddable":true,"href":"https:\/\/www.ernstbrunn-apotheke.at\/katalog\/wp-json\/wp\/v2\/product_tag?post=73454"}],"curies":[{"name":"wp","href":"https:\/\/api.w.org\/{rel}","templated":true}]}}