{"id":73325,"date":"2025-11-11T20:32:41","date_gmt":"2025-11-11T19:32:41","guid":{"rendered":"https:\/\/www.ernstbrunn-apotheke.at\/katalog\/produkt\/teufelskralle-gel\/"},"modified":"2025-12-08T18:28:52","modified_gmt":"2025-12-08T17:28:52","slug":"teufelskralle-gel","status":"publish","type":"product","link":"https:\/\/www.ernstbrunn-apotheke.at\/katalog\/produkt\/teufelskralle-gel\/","title":{"rendered":"Teufelskralle-Gel"},"content":{"rendered":"<p>Teufelskralle Gel ist eine ausgew\u00e4hlte Mischung aus reinen \u00e4therischen \u00d6len und Teufelskrallen-Extrakt. Das Gel eignet sich besonders gur zur Pflege des Gelenkapparates und zur F\u00f6rderung eines angenehmen K\u00f6rpergef\u00fchls.<\/p>\n","protected":false},"excerpt":{"rendered":"<p>Teufelskralle Gel ist eine ausgew\u00e4hlte Mischung aus reinen \u00e4therischen \u00d6len und Teufelskrallen-Extrakt. Das Gel eignet sich besonders gur zur Pflege des Gelenkapparates und zur F\u00f6rderung eines angenehmen K\u00f6rpergef\u00fchls.<\/p>\n","protected":false},"featured_media":73327,"template":"","meta":{"_acf_changed":false},"product_brand":[1263],"product_cat":[798],"product_tag":[],"class_list":{"0":"post-73325","1":"product","2":"type-product","3":"status-publish","4":"has-post-thumbnail","6":"product_brand-huetter","7":"product_cat-t","8":"pa_packungsgroesse-125ml","10":"first","11":"instock","12":"shipping-taxable","13":"purchasable","14":"product-type-simple"},"acf":[],"_links":{"self":[{"href":"https:\/\/www.ernstbrunn-apotheke.at\/katalog\/wp-json\/wp\/v2\/product\/73325","targetHints":{"allow":["GET"]}}],"collection":[{"href":"https:\/\/www.ernstbrunn-apotheke.at\/katalog\/wp-json\/wp\/v2\/product"}],"about":[{"href":"https:\/\/www.ernstbrunn-apotheke.at\/katalog\/wp-json\/wp\/v2\/types\/product"}],"wp:featuredmedia":[{"embeddable":true,"href":"https:\/\/www.ernstbrunn-apotheke.at\/katalog\/wp-json\/wp\/v2\/media\/73327"}],"wp:attachment":[{"href":"https:\/\/www.ernstbrunn-apotheke.at\/katalog\/wp-json\/wp\/v2\/media?parent=73325"}],"wp:term":[{"taxonomy":"product_brand","embeddable":true,"href":"https:\/\/www.ernstbrunn-apotheke.at\/katalog\/wp-json\/wp\/v2\/product_brand?post=73325"},{"taxonomy":"product_cat","embeddable":true,"href":"https:\/\/www.ernstbrunn-apotheke.at\/katalog\/wp-json\/wp\/v2\/product_cat?post=73325"},{"taxonomy":"product_tag","embeddable":true,"href":"https:\/\/www.ernstbrunn-apotheke.at\/katalog\/wp-json\/wp\/v2\/product_tag?post=73325"}],"curies":[{"name":"wp","href":"https:\/\/api.w.org\/{rel}","templated":true}]}}