{"id":73317,"date":"2025-11-11T20:32:05","date_gmt":"2025-11-11T19:32:05","guid":{"rendered":"https:\/\/www.ernstbrunn-apotheke.at\/katalog\/produkt\/sebamed-schuetzende-lippenpflege-48-g\/"},"modified":"2025-12-08T18:28:47","modified_gmt":"2025-12-08T17:28:47","slug":"sebamed-schuetzende-lippenpflege-48-g","status":"publish","type":"product","link":"https:\/\/www.ernstbrunn-apotheke.at\/katalog\/produkt\/sebamed-schuetzende-lippenpflege-48-g\/","title":{"rendered":"Sebamed Sch\u00fctzende Lippenpflege 4,8 g"},"content":{"rendered":"<p>Pflanzliche \u00d6le wie Jojoba\u00f6l und Reis\u00f6l pflegen rissige, spr\u00f6de Lippenhaut wieder zarter und geschmeidiger. Vitamin E f\u00f6rdert die Regeneration. Dermatologische Tests beweisen die Wirksamkeit gegen rissige, spr\u00f6de Lippen.<\/p>\n","protected":false},"excerpt":{"rendered":"<p>Pflanzliche \u00d6le wie Jojoba\u00f6l und Reis\u00f6l pflegen rissige, spr\u00f6de Lippenhaut wieder zarter und geschmeidiger. Vitamin E f\u00f6rdert die Regeneration. Dermatologische Tests beweisen die Wirksamkeit gegen rissige, spr\u00f6de Lippen.<\/p>\n","protected":false},"featured_media":73319,"template":"","meta":{"_acf_changed":false},"product_brand":[737],"product_cat":[791],"product_tag":[],"class_list":{"0":"post-73317","1":"product","2":"type-product","3":"status-publish","4":"has-post-thumbnail","6":"product_brand-sebamed","7":"product_cat-s","8":"pa_packungsgroesse-4g","10":"first","11":"instock","12":"shipping-taxable","13":"purchasable","14":"product-type-simple"},"acf":[],"_links":{"self":[{"href":"https:\/\/www.ernstbrunn-apotheke.at\/katalog\/wp-json\/wp\/v2\/product\/73317","targetHints":{"allow":["GET"]}}],"collection":[{"href":"https:\/\/www.ernstbrunn-apotheke.at\/katalog\/wp-json\/wp\/v2\/product"}],"about":[{"href":"https:\/\/www.ernstbrunn-apotheke.at\/katalog\/wp-json\/wp\/v2\/types\/product"}],"wp:featuredmedia":[{"embeddable":true,"href":"https:\/\/www.ernstbrunn-apotheke.at\/katalog\/wp-json\/wp\/v2\/media\/73319"}],"wp:attachment":[{"href":"https:\/\/www.ernstbrunn-apotheke.at\/katalog\/wp-json\/wp\/v2\/media?parent=73317"}],"wp:term":[{"taxonomy":"product_brand","embeddable":true,"href":"https:\/\/www.ernstbrunn-apotheke.at\/katalog\/wp-json\/wp\/v2\/product_brand?post=73317"},{"taxonomy":"product_cat","embeddable":true,"href":"https:\/\/www.ernstbrunn-apotheke.at\/katalog\/wp-json\/wp\/v2\/product_cat?post=73317"},{"taxonomy":"product_tag","embeddable":true,"href":"https:\/\/www.ernstbrunn-apotheke.at\/katalog\/wp-json\/wp\/v2\/product_tag?post=73317"}],"curies":[{"name":"wp","href":"https:\/\/api.w.org\/{rel}","templated":true}]}}