{"id":73299,"date":"2025-11-11T20:32:05","date_gmt":"2025-11-11T19:32:05","guid":{"rendered":"https:\/\/www.ernstbrunn-apotheke.at\/katalog\/produkt\/sonnentor-bio-thymian-70-g\/"},"modified":"2025-12-08T18:28:40","modified_gmt":"2025-12-08T17:28:40","slug":"sonnentor-bio-thymian-70-g","status":"publish","type":"product","link":"https:\/\/www.ernstbrunn-apotheke.at\/katalog\/produkt\/sonnentor-bio-thymian-70-g\/","title":{"rendered":"Sonnentor Bio Thymian 70 g"},"content":{"rendered":"<p>Sonnentor Thymian lose im 70 g P\u00e4ckchen holt mit seinem pfeffrigen Geschmack mit Noten von Anis, Minze und Kampfer das Mittelmeer in Ihre K\u00fcche und ist ein Must-have in jeder Gew\u00fcrzlade. Thymian passt hervorragend zu Zwiebel, Wein und Bier, harmoniert aber nat\u00fcrlich mit allerlei mediterranen Pasteten, Terrinen, Suppen und Saucen auf Tomatenbasis. Schweinefleisch und Wild sch\u00e4tzen seine W\u00fcrze ebenso sehr<\/p>\n","protected":false},"excerpt":{"rendered":"<p>Sonnentor Thymian lose im 70 g P\u00e4ckchen holt mit seinem pfeffrigen Geschmack mit Noten von Anis, Minze und Kampfer das Mittelmeer in Ihre K\u00fcche und ist ein Must-have in jeder Gew\u00fcrzlade. Thymian passt hervorragend zu Zwiebel, Wein und Bier, harmoniert aber nat\u00fcrlich mit allerlei mediterranen Pasteten, Terrinen, Suppen und Saucen auf Tomatenbasis. Schweinefleisch und Wild [&hellip;]<\/p>\n","protected":false},"featured_media":73301,"template":"","meta":{"_acf_changed":false},"product_brand":[925],"product_cat":[791],"product_tag":[],"class_list":{"0":"post-73299","1":"product","2":"type-product","3":"status-publish","4":"has-post-thumbnail","6":"product_brand-sonnentor","7":"product_cat-s","8":"pa_packungsgroesse-70g","10":"first","11":"instock","12":"shipping-taxable","13":"purchasable","14":"product-type-simple"},"acf":[],"_links":{"self":[{"href":"https:\/\/www.ernstbrunn-apotheke.at\/katalog\/wp-json\/wp\/v2\/product\/73299","targetHints":{"allow":["GET"]}}],"collection":[{"href":"https:\/\/www.ernstbrunn-apotheke.at\/katalog\/wp-json\/wp\/v2\/product"}],"about":[{"href":"https:\/\/www.ernstbrunn-apotheke.at\/katalog\/wp-json\/wp\/v2\/types\/product"}],"wp:featuredmedia":[{"embeddable":true,"href":"https:\/\/www.ernstbrunn-apotheke.at\/katalog\/wp-json\/wp\/v2\/media\/73301"}],"wp:attachment":[{"href":"https:\/\/www.ernstbrunn-apotheke.at\/katalog\/wp-json\/wp\/v2\/media?parent=73299"}],"wp:term":[{"taxonomy":"product_brand","embeddable":true,"href":"https:\/\/www.ernstbrunn-apotheke.at\/katalog\/wp-json\/wp\/v2\/product_brand?post=73299"},{"taxonomy":"product_cat","embeddable":true,"href":"https:\/\/www.ernstbrunn-apotheke.at\/katalog\/wp-json\/wp\/v2\/product_cat?post=73299"},{"taxonomy":"product_tag","embeddable":true,"href":"https:\/\/www.ernstbrunn-apotheke.at\/katalog\/wp-json\/wp\/v2\/product_tag?post=73299"}],"curies":[{"name":"wp","href":"https:\/\/api.w.org\/{rel}","templated":true}]}}