{"id":73273,"date":"2025-11-11T20:31:12","date_gmt":"2025-11-11T19:31:12","guid":{"rendered":"https:\/\/www.ernstbrunn-apotheke.at\/katalog\/produkt\/nemabas-tabletten-2\/"},"modified":"2025-12-08T18:28:29","modified_gmt":"2025-12-08T17:28:29","slug":"nemabas-tabletten-2","status":"publish","type":"product","link":"https:\/\/www.ernstbrunn-apotheke.at\/katalog\/produkt\/nemabas-tabletten-2\/","title":{"rendered":"Nemabas Tabletten"},"content":{"rendered":"<p>Nemabas Tabletten f\u00f6rdern ein ausgewogenes S\u00e4ure-Basen-Verh\u00e4ltnis des K\u00f6rpers und liefern gleichzeitig lebenswichtige Mineralien. Die Tabletten f\u00f6rdern k\u00f6rperliche und geistige Ausdauer und unterst\u00fctzen die S\u00e4ureregulierung des K\u00f6rpers bei einer Di\u00e4t. Dieses Produkt erhalten Sie in Packungen zu 120 und 600 St\u00fcck.<\/p>\n","protected":false},"excerpt":{"rendered":"<p>Nemabas Tabletten f\u00f6rdern ein ausgewogenes S\u00e4ure-Basen-Verh\u00e4ltnis des K\u00f6rpers und liefern gleichzeitig lebenswichtige Mineralien. Die Tabletten f\u00f6rdern k\u00f6rperliche und geistige Ausdauer und unterst\u00fctzen die S\u00e4ureregulierung des K\u00f6rpers bei einer Di\u00e4t. Dieses Produkt erhalten Sie in Packungen zu 120 und 600 St\u00fcck.<\/p>\n","protected":false},"featured_media":73275,"template":"","meta":{"_acf_changed":false},"product_brand":[],"product_cat":[797],"product_tag":[],"class_list":{"0":"post-73273","1":"product","2":"type-product","3":"status-publish","4":"has-post-thumbnail","6":"product_cat-n","7":"pa_packungsgroesse-600-stueck","9":"first","10":"instock","11":"shipping-taxable","12":"purchasable","13":"product-type-simple"},"acf":[],"_links":{"self":[{"href":"https:\/\/www.ernstbrunn-apotheke.at\/katalog\/wp-json\/wp\/v2\/product\/73273","targetHints":{"allow":["GET"]}}],"collection":[{"href":"https:\/\/www.ernstbrunn-apotheke.at\/katalog\/wp-json\/wp\/v2\/product"}],"about":[{"href":"https:\/\/www.ernstbrunn-apotheke.at\/katalog\/wp-json\/wp\/v2\/types\/product"}],"wp:featuredmedia":[{"embeddable":true,"href":"https:\/\/www.ernstbrunn-apotheke.at\/katalog\/wp-json\/wp\/v2\/media\/73275"}],"wp:attachment":[{"href":"https:\/\/www.ernstbrunn-apotheke.at\/katalog\/wp-json\/wp\/v2\/media?parent=73273"}],"wp:term":[{"taxonomy":"product_brand","embeddable":true,"href":"https:\/\/www.ernstbrunn-apotheke.at\/katalog\/wp-json\/wp\/v2\/product_brand?post=73273"},{"taxonomy":"product_cat","embeddable":true,"href":"https:\/\/www.ernstbrunn-apotheke.at\/katalog\/wp-json\/wp\/v2\/product_cat?post=73273"},{"taxonomy":"product_tag","embeddable":true,"href":"https:\/\/www.ernstbrunn-apotheke.at\/katalog\/wp-json\/wp\/v2\/product_tag?post=73273"}],"curies":[{"name":"wp","href":"https:\/\/api.w.org\/{rel}","templated":true}]}}