{"id":73240,"date":"2025-11-11T20:30:40","date_gmt":"2025-11-11T19:30:40","guid":{"rendered":"https:\/\/www.ernstbrunn-apotheke.at\/katalog\/produkt\/kombucha-trunk-1\/"},"modified":"2025-12-08T18:28:19","modified_gmt":"2025-12-08T17:28:19","slug":"kombucha-trunk-1","status":"publish","type":"product","link":"https:\/\/www.ernstbrunn-apotheke.at\/katalog\/produkt\/kombucha-trunk-1\/","title":{"rendered":"Kombucha Trunk 1"},"content":{"rendered":"<p>Kombucha Trunk 1 ist ein Lebenselixier. Es vitalisiert, st\u00e4rkt das Immunsystem und wirkt wohltuend f\u00fcr den gesamten Organismus. Dar\u00fcber hinaus wird dieses Teegetr\u00e4nk erfolgreich zur Behandlung zahlreicher Erkrankungen eingesetzt. Die Anwendungsm\u00f6glichkeiten reichen von Magen-Darm-Leiden und Verdauungsst\u00f6rungen, Rheuma, Gicht und Muskelschmerzen, von Kreislaufbeschwerden bis zu Allergien und Erk\u00e4ltungskrankheiten. Auch der Cholesterin- und Blutzuckerwert kann positiv beeinflusst und das Wohlbefinden gef\u00f6rdert werden \u2013 jetzt Spitzenprodukte von Gall Pharma mit hohem Rabatt bestellen!<\/p>\n","protected":false},"excerpt":{"rendered":"<p>Kombucha Trunk 1 ist ein Lebenselixier. Es vitalisiert, st\u00e4rkt das Immunsystem und wirkt wohltuend f\u00fcr den gesamten Organismus. Dar\u00fcber hinaus wird dieses Teegetr\u00e4nk erfolgreich zur Behandlung zahlreicher Erkrankungen eingesetzt. Die Anwendungsm\u00f6glichkeiten reichen von Magen-Darm-Leiden und Verdauungsst\u00f6rungen, Rheuma, Gicht und Muskelschmerzen, von Kreislaufbeschwerden bis zu Allergien und Erk\u00e4ltungskrankheiten. Auch der Cholesterin- und Blutzuckerwert kann positiv beeinflusst [&hellip;]<\/p>\n","protected":false},"featured_media":73242,"template":"","meta":{"_acf_changed":false},"product_brand":[],"product_cat":[807],"product_tag":[],"class_list":{"0":"post-73240","1":"product","2":"type-product","3":"status-publish","4":"has-post-thumbnail","6":"product_cat-k","7":"pa_packungsgroesse-1l","9":"first","10":"instock","11":"shipping-taxable","12":"purchasable","13":"product-type-simple"},"acf":[],"_links":{"self":[{"href":"https:\/\/www.ernstbrunn-apotheke.at\/katalog\/wp-json\/wp\/v2\/product\/73240","targetHints":{"allow":["GET"]}}],"collection":[{"href":"https:\/\/www.ernstbrunn-apotheke.at\/katalog\/wp-json\/wp\/v2\/product"}],"about":[{"href":"https:\/\/www.ernstbrunn-apotheke.at\/katalog\/wp-json\/wp\/v2\/types\/product"}],"wp:featuredmedia":[{"embeddable":true,"href":"https:\/\/www.ernstbrunn-apotheke.at\/katalog\/wp-json\/wp\/v2\/media\/73242"}],"wp:attachment":[{"href":"https:\/\/www.ernstbrunn-apotheke.at\/katalog\/wp-json\/wp\/v2\/media?parent=73240"}],"wp:term":[{"taxonomy":"product_brand","embeddable":true,"href":"https:\/\/www.ernstbrunn-apotheke.at\/katalog\/wp-json\/wp\/v2\/product_brand?post=73240"},{"taxonomy":"product_cat","embeddable":true,"href":"https:\/\/www.ernstbrunn-apotheke.at\/katalog\/wp-json\/wp\/v2\/product_cat?post=73240"},{"taxonomy":"product_tag","embeddable":true,"href":"https:\/\/www.ernstbrunn-apotheke.at\/katalog\/wp-json\/wp\/v2\/product_tag?post=73240"}],"curies":[{"name":"wp","href":"https:\/\/api.w.org\/{rel}","templated":true}]}}