{"id":73167,"date":"2025-11-11T20:29:41","date_gmt":"2025-11-11T19:29:41","guid":{"rendered":"https:\/\/www.ernstbrunn-apotheke.at\/katalog\/produkt\/hafesan-eisen-kupfer-vitamin-c-kapseln-60-stk\/"},"modified":"2025-12-08T18:27:55","modified_gmt":"2025-12-08T17:27:55","slug":"hafesan-eisen-kupfer-vitamin-c-kapseln-60-stk","status":"publish","type":"product","link":"https:\/\/www.ernstbrunn-apotheke.at\/katalog\/produkt\/hafesan-eisen-kupfer-vitamin-c-kapseln-60-stk\/","title":{"rendered":"Hafesan Eisen Kupfer Vitamin C Kapseln 60 Stk."},"content":{"rendered":"<p>Hafesan\u00ae Eisen Kupfer Vitamin C Kapseln enthalten Inhaltsstoffe die wichtig f\u00fcr den Sauerstofftransport im K\u00f6rper, f\u00fcr das Immunsystem und die geistige Funktion sind.<\/p>\n","protected":false},"excerpt":{"rendered":"<p>Hafesan\u00ae Eisen Kupfer Vitamin C Kapseln enthalten Inhaltsstoffe die wichtig f\u00fcr den Sauerstofftransport im K\u00f6rper, f\u00fcr das Immunsystem und die geistige Funktion sind.<\/p>\n","protected":false},"featured_media":73169,"template":"","meta":{"_acf_changed":false},"product_brand":[376],"product_cat":[805],"product_tag":[],"class_list":{"0":"post-73167","1":"product","2":"type-product","3":"status-publish","4":"has-post-thumbnail","6":"product_brand-hafesan","7":"product_cat-h","8":"pa_packungsgroesse-60-stueck","10":"first","11":"instock","12":"shipping-taxable","13":"purchasable","14":"product-type-simple"},"acf":[],"_links":{"self":[{"href":"https:\/\/www.ernstbrunn-apotheke.at\/katalog\/wp-json\/wp\/v2\/product\/73167","targetHints":{"allow":["GET"]}}],"collection":[{"href":"https:\/\/www.ernstbrunn-apotheke.at\/katalog\/wp-json\/wp\/v2\/product"}],"about":[{"href":"https:\/\/www.ernstbrunn-apotheke.at\/katalog\/wp-json\/wp\/v2\/types\/product"}],"wp:featuredmedia":[{"embeddable":true,"href":"https:\/\/www.ernstbrunn-apotheke.at\/katalog\/wp-json\/wp\/v2\/media\/73169"}],"wp:attachment":[{"href":"https:\/\/www.ernstbrunn-apotheke.at\/katalog\/wp-json\/wp\/v2\/media?parent=73167"}],"wp:term":[{"taxonomy":"product_brand","embeddable":true,"href":"https:\/\/www.ernstbrunn-apotheke.at\/katalog\/wp-json\/wp\/v2\/product_brand?post=73167"},{"taxonomy":"product_cat","embeddable":true,"href":"https:\/\/www.ernstbrunn-apotheke.at\/katalog\/wp-json\/wp\/v2\/product_cat?post=73167"},{"taxonomy":"product_tag","embeddable":true,"href":"https:\/\/www.ernstbrunn-apotheke.at\/katalog\/wp-json\/wp\/v2\/product_tag?post=73167"}],"curies":[{"name":"wp","href":"https:\/\/api.w.org\/{rel}","templated":true}]}}