{"id":73117,"date":"2025-11-11T20:28:22","date_gmt":"2025-11-11T19:28:22","guid":{"rendered":"https:\/\/www.ernstbrunn-apotheke.at\/katalog\/produkt\/hartgipsbinde-biplatrix-2-stk-3-m-x-20-cm\/"},"modified":"2025-12-08T18:27:33","modified_gmt":"2025-12-08T17:27:33","slug":"hartgipsbinde-biplatrix-2-stk-3-m-x-20-cm","status":"publish","type":"product","link":"https:\/\/www.ernstbrunn-apotheke.at\/katalog\/produkt\/hartgipsbinde-biplatrix-2-stk-3-m-x-20-cm\/","title":{"rendered":"Hartgipsbinde Biplatrix 2 Stk. 3 m x 20 cm"},"content":{"rendered":"<p>Hartgipsbinde Biplatrix ist vor allem f\u00fcr die Prim\u00e4rversorgung geeignet. Biplatrix ist auch als Longette f\u00fcr den individuellen Zuschnitt erh\u00e4ltlich. Die Binde \u00fcberzeugt durch minimierte Tauchverluste und verf\u00fcgt \u00fcber eine sehr gute Modellierbarkeit. Sie ist zudem auch einfach zu verarbeiten.<\/p>\n","protected":false},"excerpt":{"rendered":"<p>Hartgipsbinde Biplatrix ist vor allem f\u00fcr die Prim\u00e4rversorgung geeignet. Biplatrix ist auch als Longette f\u00fcr den individuellen Zuschnitt erh\u00e4ltlich. Die Binde \u00fcberzeugt durch minimierte Tauchverluste und verf\u00fcgt \u00fcber eine sehr gute Modellierbarkeit. Sie ist zudem auch einfach zu verarbeiten.<\/p>\n","protected":false},"featured_media":73119,"template":"","meta":{"_acf_changed":false},"product_brand":[],"product_cat":[805],"product_tag":[],"class_list":{"0":"post-73117","1":"product","2":"type-product","3":"status-publish","4":"has-post-thumbnail","6":"product_cat-h","7":"pa_packungsgroesse-2-stueck","9":"first","10":"instock","11":"shipping-taxable","12":"purchasable","13":"product-type-simple"},"acf":[],"_links":{"self":[{"href":"https:\/\/www.ernstbrunn-apotheke.at\/katalog\/wp-json\/wp\/v2\/product\/73117","targetHints":{"allow":["GET"]}}],"collection":[{"href":"https:\/\/www.ernstbrunn-apotheke.at\/katalog\/wp-json\/wp\/v2\/product"}],"about":[{"href":"https:\/\/www.ernstbrunn-apotheke.at\/katalog\/wp-json\/wp\/v2\/types\/product"}],"wp:featuredmedia":[{"embeddable":true,"href":"https:\/\/www.ernstbrunn-apotheke.at\/katalog\/wp-json\/wp\/v2\/media\/73119"}],"wp:attachment":[{"href":"https:\/\/www.ernstbrunn-apotheke.at\/katalog\/wp-json\/wp\/v2\/media?parent=73117"}],"wp:term":[{"taxonomy":"product_brand","embeddable":true,"href":"https:\/\/www.ernstbrunn-apotheke.at\/katalog\/wp-json\/wp\/v2\/product_brand?post=73117"},{"taxonomy":"product_cat","embeddable":true,"href":"https:\/\/www.ernstbrunn-apotheke.at\/katalog\/wp-json\/wp\/v2\/product_cat?post=73117"},{"taxonomy":"product_tag","embeddable":true,"href":"https:\/\/www.ernstbrunn-apotheke.at\/katalog\/wp-json\/wp\/v2\/product_tag?post=73117"}],"curies":[{"name":"wp","href":"https:\/\/api.w.org\/{rel}","templated":true}]}}