{"id":73087,"date":"2025-11-11T20:28:22","date_gmt":"2025-11-11T19:28:22","guid":{"rendered":"https:\/\/www.ernstbrunn-apotheke.at\/katalog\/produkt\/sebamed-frische-dusche-200-ml\/"},"modified":"2025-12-08T18:27:23","modified_gmt":"2025-12-08T17:27:23","slug":"sebamed-frische-dusche-200-ml","status":"publish","type":"product","link":"https:\/\/www.ernstbrunn-apotheke.at\/katalog\/produkt\/sebamed-frische-dusche-200-ml\/","title":{"rendered":"Sebamed Frische Dusche 200 ml"},"content":{"rendered":"<p>sebamed Frische Dusche mit der speziellen Wirkstoffkombination ihrer milden Rezeptur ist auch bei t\u00e4glichem Duschen besonders hautvertr\u00e4glich.Sie hilft, die Haut vor dem Austrocknen zu sch\u00fctzen und erfrischt und pflegt. Der Aktivkomplex mit hauteigenen Aminos\u00e4uren, Milchs\u00e4ure und Allantoin versorgt die Haut mit Feuchtigkeit. Der nat\u00fcrliche pH-Wert 5,5 stabilisiert den Hautschutzmantel und st\u00e4rkt damit die Widerstandskraft der Haut gegen sch\u00e4digende \u00e4u\u00dfere Einfl\u00fcsse.<\/p>\n","protected":false},"excerpt":{"rendered":"<p>sebamed Frische Dusche mit der speziellen Wirkstoffkombination ihrer milden Rezeptur ist auch bei t\u00e4glichem Duschen besonders hautvertr\u00e4glich.Sie hilft, die Haut vor dem Austrocknen zu sch\u00fctzen und erfrischt und pflegt. Der Aktivkomplex mit hauteigenen Aminos\u00e4uren, Milchs\u00e4ure und Allantoin versorgt die Haut mit Feuchtigkeit. Der nat\u00fcrliche pH-Wert 5,5 stabilisiert den Hautschutzmantel und st\u00e4rkt damit die Widerstandskraft der [&hellip;]<\/p>\n","protected":false},"featured_media":73089,"template":"","meta":{"_acf_changed":false},"product_brand":[737],"product_cat":[791],"product_tag":[],"class_list":{"0":"post-73087","1":"product","2":"type-product","3":"status-publish","4":"has-post-thumbnail","6":"product_brand-sebamed","7":"product_cat-s","8":"pa_packungsgroesse-200ml","10":"first","11":"instock","12":"shipping-taxable","13":"purchasable","14":"product-type-simple"},"acf":[],"_links":{"self":[{"href":"https:\/\/www.ernstbrunn-apotheke.at\/katalog\/wp-json\/wp\/v2\/product\/73087","targetHints":{"allow":["GET"]}}],"collection":[{"href":"https:\/\/www.ernstbrunn-apotheke.at\/katalog\/wp-json\/wp\/v2\/product"}],"about":[{"href":"https:\/\/www.ernstbrunn-apotheke.at\/katalog\/wp-json\/wp\/v2\/types\/product"}],"wp:featuredmedia":[{"embeddable":true,"href":"https:\/\/www.ernstbrunn-apotheke.at\/katalog\/wp-json\/wp\/v2\/media\/73089"}],"wp:attachment":[{"href":"https:\/\/www.ernstbrunn-apotheke.at\/katalog\/wp-json\/wp\/v2\/media?parent=73087"}],"wp:term":[{"taxonomy":"product_brand","embeddable":true,"href":"https:\/\/www.ernstbrunn-apotheke.at\/katalog\/wp-json\/wp\/v2\/product_brand?post=73087"},{"taxonomy":"product_cat","embeddable":true,"href":"https:\/\/www.ernstbrunn-apotheke.at\/katalog\/wp-json\/wp\/v2\/product_cat?post=73087"},{"taxonomy":"product_tag","embeddable":true,"href":"https:\/\/www.ernstbrunn-apotheke.at\/katalog\/wp-json\/wp\/v2\/product_tag?post=73087"}],"curies":[{"name":"wp","href":"https:\/\/api.w.org\/{rel}","templated":true}]}}