{"id":72982,"date":"2025-11-11T20:25:15","date_gmt":"2025-11-11T19:25:15","guid":{"rendered":"https:\/\/www.ernstbrunn-apotheke.at\/katalog\/produkt\/okkluglas-uhrglasverband-20-stk\/"},"modified":"2025-12-08T18:26:51","modified_gmt":"2025-12-08T17:26:51","slug":"okkluglas-uhrglasverband-20-stk","status":"publish","type":"product","link":"https:\/\/www.ernstbrunn-apotheke.at\/katalog\/produkt\/okkluglas-uhrglasverband-20-stk\/","title":{"rendered":"Okkluglas Uhrglasverband 20 Stk."},"content":{"rendered":"<p>Okkluglas Uhrglasverband ist ein hautfreundlicher und ergonomisch geformter medizinischer Helfer f\u00fcr die Augen. Die Kunststoffhaube ist leicht, stabil und sch\u00fctzt. Der Uhrglasverband liegt perfekt an und bietet h\u00f6chsten Komfort.<\/p>\n","protected":false},"excerpt":{"rendered":"<p>Okkluglas Uhrglasverband ist ein hautfreundlicher und ergonomisch geformter medizinischer Helfer f\u00fcr die Augen. Die Kunststoffhaube ist leicht, stabil und sch\u00fctzt. Der Uhrglasverband liegt perfekt an und bietet h\u00f6chsten Komfort.<\/p>\n","protected":false},"featured_media":0,"template":"","meta":{"_acf_changed":false},"product_brand":[],"product_cat":[819],"product_tag":[],"class_list":{"0":"post-72982","1":"product","2":"type-product","3":"status-publish","5":"product_cat-o","6":"pa_packungsgroesse-20-stueck","8":"first","9":"instock","10":"shipping-taxable","11":"purchasable","12":"product-type-simple"},"acf":[],"_links":{"self":[{"href":"https:\/\/www.ernstbrunn-apotheke.at\/katalog\/wp-json\/wp\/v2\/product\/72982","targetHints":{"allow":["GET"]}}],"collection":[{"href":"https:\/\/www.ernstbrunn-apotheke.at\/katalog\/wp-json\/wp\/v2\/product"}],"about":[{"href":"https:\/\/www.ernstbrunn-apotheke.at\/katalog\/wp-json\/wp\/v2\/types\/product"}],"wp:attachment":[{"href":"https:\/\/www.ernstbrunn-apotheke.at\/katalog\/wp-json\/wp\/v2\/media?parent=72982"}],"wp:term":[{"taxonomy":"product_brand","embeddable":true,"href":"https:\/\/www.ernstbrunn-apotheke.at\/katalog\/wp-json\/wp\/v2\/product_brand?post=72982"},{"taxonomy":"product_cat","embeddable":true,"href":"https:\/\/www.ernstbrunn-apotheke.at\/katalog\/wp-json\/wp\/v2\/product_cat?post=72982"},{"taxonomy":"product_tag","embeddable":true,"href":"https:\/\/www.ernstbrunn-apotheke.at\/katalog\/wp-json\/wp\/v2\/product_tag?post=72982"}],"curies":[{"name":"wp","href":"https:\/\/api.w.org\/{rel}","templated":true}]}}