{"id":72966,"date":"2025-11-11T20:25:15","date_gmt":"2025-11-11T19:25:15","guid":{"rendered":"https:\/\/www.ernstbrunn-apotheke.at\/katalog\/produkt\/ginseng-royal-jelly-tri-ampullen-30-stk\/"},"modified":"2025-12-08T18:26:47","modified_gmt":"2025-12-08T17:26:47","slug":"ginseng-royal-jelly-tri-ampullen-30-stk","status":"publish","type":"product","link":"https:\/\/www.ernstbrunn-apotheke.at\/katalog\/produkt\/ginseng-royal-jelly-tri-ampullen-30-stk\/","title":{"rendered":"Ginseng Royal Jelly Tri-Ampullen 30 Stk."},"content":{"rendered":"<p><font color=\"#000000\" face=\"Calibri\">F<\/font><font color=\"#000000\" face=\"Calibri\">AMED Ginseng Royal Jelly<br \/>\nkann eine m\u00f6gliche Unterst\u00fctzung zum Erhalt oder zur Erlangung Ihrer Balance<br \/>\nund damit Ihres Wohlbefindens sein, denn FAMED Ginseng Royal Jelly kann helfen:<\/font><\/p>\n<ul>\n<li><font color=\"#000000\" face=\"Calibri\">das k\u00f6rpereigene Immunsystem zu stimulieren und<\/font><\/li>\n<li><font color=\"#000000\" face=\"Calibri\">die Selbstheilungskr\u00e4fte zu aktivieren<\/font><\/li>\n<\/ul>\n<p><font color=\"#000000\" face=\"Calibri\">und<br \/>\ndamit ein aus dem Gleichgewicht gebrachtes System wieder ins Lot zu bringen und<br \/>\nin diesem zu stabilisieren (= Vorbeugung)<\/font><\/p>\n<p><b><font color=\"#000000\" face=\"Calibri\">AAls<br \/>\nm\u00f6gliche Hilfe gilt Ginseng um<\/font><\/b><\/p>\n<ul>\n<li><font color=\"#000000\" face=\"Calibri\">Konzentrations-und Ged\u00e4chtnisleistung zu erhalten bzw. zu <\/font><\/li>\n<li><font color=\"#000000\" face=\"Calibri\">erh\u00f6hen<\/font><\/li>\n<li><font color=\"#000000\" face=\"Calibri\">Vitalit\u00e4t und Leistungsf\u00e4higkeit zu erhalten bzw. zu steigern<\/font><\/li>\n<li><font color=\"#000000\" face=\"Calibri\">Stress und Belastungssituationen besser zu bew\u00e4ltigen<\/font><\/li>\n<li><font color=\"#0\" face=\"Calibri\">Arterienverkalkungen und Herz-Kreislauferkrankungen vorzubeugen, sowie Ihren Blutdruck zu regulieren<\/font><\/li>\n<li><font color=\"#0\" face=\"Calibri\">Stimmung bei negativer Gef\u00fchlslage und depressiven Gef\u00fchlen<\/font><\/li>\n<li><font color=\"#0\" face=\"Calibri\">aufzuhellen<\/font><\/li>\n<li><font color=\"#0\" face=\"Calibri\">altersabh\u00e4ngige Beschwerden zu lindern<\/font><\/li>\n<li><font color=\"#0\" face=\"Calibri\">Wechselbeschwerden zu verringern (k\u00f6rperlich und psychisch)<\/font><\/li>\n<li><font color=\"#0\" face=\"Calibri\">Stoffwechselvorg\u00e4nge positiv zu beeinflussen (Fettstoffwechsel, <\/font><font color=\"#0\" face=\"Calibri\">Magen, Darm, Verdauung)<\/font><\/li>\n<li><font color=\"#0\" face=\"Calibri\">chronische Ersch\u00f6pfungs-und Erm\u00fcdungszust\u00e4nde bis hin zur <\/font><\/li>\n<li><font color=\"#0\" face=\"Calibri\">Fatique zu minimieren <\/font><font color=\"#0\" face=\"Calibri\">(selbst bei Krebs und Multiple Sklerose Patienten)<\/font><\/li>\n<li><font color=\"#0\" face=\"Calibri\">g\u00fcnstigen Einfluss auf Diabeteserkrankungen zu nehmen<\/font><\/li>\n<li><font color=\"#0\" face=\"Calibri\">sexuelle Aktivit\u00e4t m\u00f6glichst lange zu erhalten<\/font><\/li>\n<\/ul>\n<p><font color=\"#0\" face=\"Calibri\"><\/p>\n<p>\n<\/p>\n<p><\/font><\/p>\n<p><\/p>\n","protected":false},"excerpt":{"rendered":"<p>FAMED Ginseng Royal Jelly kann eine m\u00f6gliche Unterst\u00fctzung zum Erhalt oder zur Erlangung Ihrer Balance und damit Ihres Wohlbefindens sein, denn FAMED Ginseng Royal Jelly kann helfen: das k\u00f6rpereigene Immunsystem zu stimulieren und die Selbstheilungskr\u00e4fte zu aktivieren und damit ein aus dem Gleichgewicht gebrachtes System wieder ins Lot zu bringen und in diesem zu stabilisieren [&hellip;]<\/p>\n","protected":false},"featured_media":72968,"template":"","meta":{"_acf_changed":false},"product_brand":[],"product_cat":[810],"product_tag":[],"class_list":{"0":"post-72966","1":"product","2":"type-product","3":"status-publish","4":"has-post-thumbnail","6":"product_cat-g","7":"pa_farbe-braun","8":"pa_geschmack-honig","9":"pa_packungsgroesse-30-stueck","11":"first","12":"instock","13":"shipping-taxable","14":"purchasable","15":"product-type-simple"},"acf":[],"_links":{"self":[{"href":"https:\/\/www.ernstbrunn-apotheke.at\/katalog\/wp-json\/wp\/v2\/product\/72966","targetHints":{"allow":["GET"]}}],"collection":[{"href":"https:\/\/www.ernstbrunn-apotheke.at\/katalog\/wp-json\/wp\/v2\/product"}],"about":[{"href":"https:\/\/www.ernstbrunn-apotheke.at\/katalog\/wp-json\/wp\/v2\/types\/product"}],"wp:featuredmedia":[{"embeddable":true,"href":"https:\/\/www.ernstbrunn-apotheke.at\/katalog\/wp-json\/wp\/v2\/media\/72968"}],"wp:attachment":[{"href":"https:\/\/www.ernstbrunn-apotheke.at\/katalog\/wp-json\/wp\/v2\/media?parent=72966"}],"wp:term":[{"taxonomy":"product_brand","embeddable":true,"href":"https:\/\/www.ernstbrunn-apotheke.at\/katalog\/wp-json\/wp\/v2\/product_brand?post=72966"},{"taxonomy":"product_cat","embeddable":true,"href":"https:\/\/www.ernstbrunn-apotheke.at\/katalog\/wp-json\/wp\/v2\/product_cat?post=72966"},{"taxonomy":"product_tag","embeddable":true,"href":"https:\/\/www.ernstbrunn-apotheke.at\/katalog\/wp-json\/wp\/v2\/product_tag?post=72966"}],"curies":[{"name":"wp","href":"https:\/\/api.w.org\/{rel}","templated":true}]}}