{"id":72939,"date":"2025-11-11T20:25:15","date_gmt":"2025-11-11T19:25:15","guid":{"rendered":"https:\/\/www.ernstbrunn-apotheke.at\/katalog\/produkt\/apofit-lapacho-iperoxo-300-g\/"},"modified":"2025-12-08T18:26:41","modified_gmt":"2025-12-08T17:26:41","slug":"apofit-lapacho-iperoxo-300-g","status":"publish","type":"product","link":"https:\/\/www.ernstbrunn-apotheke.at\/katalog\/produkt\/apofit-lapacho-iperoxo-300-g\/","title":{"rendered":"Apofit Lapacho Iperoxo 300 g"},"content":{"rendered":"<p>Apofit Lapacho Iperoxo dient zur F\u00f6rderung des Immunsystems und \u00fcberzeugt durch seine antibakterielle Wirkung. Daher ergibt sich ein reiches Einsatzspektrum f\u00fcr den Lapacho. Der Tee wird aus der inneren Rinde von alten B\u00e4umen des Lapacho gewonnen &#8211; jetzt ganz bequem online von zu Hause aus bestellen!<\/p>\n","protected":false},"excerpt":{"rendered":"<p>Apofit Lapacho Iperoxo dient zur F\u00f6rderung des Immunsystems und \u00fcberzeugt durch seine antibakterielle Wirkung. Daher ergibt sich ein reiches Einsatzspektrum f\u00fcr den Lapacho. Der Tee wird aus der inneren Rinde von alten B\u00e4umen des Lapacho gewonnen &#8211; jetzt ganz bequem online von zu Hause aus bestellen!<\/p>\n","protected":false},"featured_media":72941,"template":"","meta":{"_acf_changed":false},"product_brand":[584],"product_cat":[801],"product_tag":[],"class_list":{"0":"post-72939","1":"product","2":"type-product","3":"status-publish","4":"has-post-thumbnail","6":"product_brand-apofit","7":"product_cat-a","8":"pa_packungsgroesse-300g","10":"first","11":"instock","12":"shipping-taxable","13":"purchasable","14":"product-type-simple"},"acf":[],"_links":{"self":[{"href":"https:\/\/www.ernstbrunn-apotheke.at\/katalog\/wp-json\/wp\/v2\/product\/72939","targetHints":{"allow":["GET"]}}],"collection":[{"href":"https:\/\/www.ernstbrunn-apotheke.at\/katalog\/wp-json\/wp\/v2\/product"}],"about":[{"href":"https:\/\/www.ernstbrunn-apotheke.at\/katalog\/wp-json\/wp\/v2\/types\/product"}],"wp:featuredmedia":[{"embeddable":true,"href":"https:\/\/www.ernstbrunn-apotheke.at\/katalog\/wp-json\/wp\/v2\/media\/72941"}],"wp:attachment":[{"href":"https:\/\/www.ernstbrunn-apotheke.at\/katalog\/wp-json\/wp\/v2\/media?parent=72939"}],"wp:term":[{"taxonomy":"product_brand","embeddable":true,"href":"https:\/\/www.ernstbrunn-apotheke.at\/katalog\/wp-json\/wp\/v2\/product_brand?post=72939"},{"taxonomy":"product_cat","embeddable":true,"href":"https:\/\/www.ernstbrunn-apotheke.at\/katalog\/wp-json\/wp\/v2\/product_cat?post=72939"},{"taxonomy":"product_tag","embeddable":true,"href":"https:\/\/www.ernstbrunn-apotheke.at\/katalog\/wp-json\/wp\/v2\/product_tag?post=72939"}],"curies":[{"name":"wp","href":"https:\/\/api.w.org\/{rel}","templated":true}]}}