{"id":72866,"date":"2025-11-11T20:23:41","date_gmt":"2025-11-11T19:23:41","guid":{"rendered":"https:\/\/www.ernstbrunn-apotheke.at\/katalog\/produkt\/rabenhorst-aronia-saft-bio-750-ml\/"},"modified":"2025-12-08T18:26:14","modified_gmt":"2025-12-08T17:26:14","slug":"rabenhorst-aronia-saft-bio-750-ml","status":"publish","type":"product","link":"https:\/\/www.ernstbrunn-apotheke.at\/katalog\/produkt\/rabenhorst-aronia-saft-bio-750-ml\/","title":{"rendered":"Rabenhorst Aronia Saft Bio 750 ml"},"content":{"rendered":"<p>Rabenhorst Aronia Saft Bio 750 ml mit sorgf\u00e4ltig ausgew\u00e4hlten, aromatischen Bio-Aroniabeeren aus den besten Anbaugebieten Osteuropas werden in der hauseigenen Kelterei zu einem gehaltvollen Saft erster G\u00fcte verarbeitet. Die erlesenen Fr\u00fcchte werden nur einmal gepresst. So entsteht ein wirklich purer Direktsaft mit der ganzen F\u00fclle seiner nat\u00fcrlichen Inhaltsstoffe &#8211; dieses und viele weitere Markenprodukte zu Sonderpreisen bestellen!<\/p>\n","protected":false},"excerpt":{"rendered":"<p>Rabenhorst Aronia Saft Bio 750 ml mit sorgf\u00e4ltig ausgew\u00e4hlten, aromatischen Bio-Aroniabeeren aus den besten Anbaugebieten Osteuropas werden in der hauseigenen Kelterei zu einem gehaltvollen Saft erster G\u00fcte verarbeitet. Die erlesenen Fr\u00fcchte werden nur einmal gepresst. So entsteht ein wirklich purer Direktsaft mit der ganzen F\u00fclle seiner nat\u00fcrlichen Inhaltsstoffe &#8211; dieses und viele weitere Markenprodukte zu [&hellip;]<\/p>\n","protected":false},"featured_media":72868,"template":"","meta":{"_acf_changed":false},"product_brand":[],"product_cat":[808],"product_tag":[],"class_list":{"0":"post-72866","1":"product","2":"type-product","3":"status-publish","4":"has-post-thumbnail","6":"product_cat-r","7":"pa_packungsgroesse-750ml","9":"first","10":"instock","11":"shipping-taxable","12":"purchasable","13":"product-type-simple"},"acf":[],"_links":{"self":[{"href":"https:\/\/www.ernstbrunn-apotheke.at\/katalog\/wp-json\/wp\/v2\/product\/72866","targetHints":{"allow":["GET"]}}],"collection":[{"href":"https:\/\/www.ernstbrunn-apotheke.at\/katalog\/wp-json\/wp\/v2\/product"}],"about":[{"href":"https:\/\/www.ernstbrunn-apotheke.at\/katalog\/wp-json\/wp\/v2\/types\/product"}],"wp:featuredmedia":[{"embeddable":true,"href":"https:\/\/www.ernstbrunn-apotheke.at\/katalog\/wp-json\/wp\/v2\/media\/72868"}],"wp:attachment":[{"href":"https:\/\/www.ernstbrunn-apotheke.at\/katalog\/wp-json\/wp\/v2\/media?parent=72866"}],"wp:term":[{"taxonomy":"product_brand","embeddable":true,"href":"https:\/\/www.ernstbrunn-apotheke.at\/katalog\/wp-json\/wp\/v2\/product_brand?post=72866"},{"taxonomy":"product_cat","embeddable":true,"href":"https:\/\/www.ernstbrunn-apotheke.at\/katalog\/wp-json\/wp\/v2\/product_cat?post=72866"},{"taxonomy":"product_tag","embeddable":true,"href":"https:\/\/www.ernstbrunn-apotheke.at\/katalog\/wp-json\/wp\/v2\/product_tag?post=72866"}],"curies":[{"name":"wp","href":"https:\/\/api.w.org\/{rel}","templated":true}]}}