{"id":72814,"date":"2025-11-11T20:22:14","date_gmt":"2025-11-11T19:22:14","guid":{"rendered":"https:\/\/www.ernstbrunn-apotheke.at\/katalog\/produkt\/sebamed-vital-duschschaumbad-400-ml\/"},"modified":"2025-12-08T18:25:54","modified_gmt":"2025-12-08T17:25:54","slug":"sebamed-vital-duschschaumbad-400-ml","status":"publish","type":"product","link":"https:\/\/www.ernstbrunn-apotheke.at\/katalog\/produkt\/sebamed-vital-duschschaumbad-400-ml\/","title":{"rendered":"Sebamed Vital Dusch+Schaumbad 400 ml"},"content":{"rendered":"<p>Das hautschonende Vital Dusch + Schaumbad f\u00fcr empfindliche Haut vereinigt besonders milde Reinigung mit entspannender und vitalisierender Pflege. Der pH-Wert 5,5 f\u00f6rdert den Hautschutzmantel gegen Austrocknung und sch\u00e4dliche Umwelteinfl\u00fcsse. Die Hautvertr\u00e4glichkeit und Pflegewirkung ist klinisch-dermatologisch best\u00e4tigt.<\/p>\n","protected":false},"excerpt":{"rendered":"<p>Das hautschonende Vital Dusch + Schaumbad f\u00fcr empfindliche Haut vereinigt besonders milde Reinigung mit entspannender und vitalisierender Pflege. Der pH-Wert 5,5 f\u00f6rdert den Hautschutzmantel gegen Austrocknung und sch\u00e4dliche Umwelteinfl\u00fcsse. Die Hautvertr\u00e4glichkeit und Pflegewirkung ist klinisch-dermatologisch best\u00e4tigt.<\/p>\n","protected":false},"featured_media":72816,"template":"","meta":{"_acf_changed":false},"product_brand":[737],"product_cat":[791],"product_tag":[],"class_list":{"0":"post-72814","1":"product","2":"type-product","3":"status-publish","4":"has-post-thumbnail","6":"product_brand-sebamed","7":"product_cat-s","8":"pa_packungsgroesse-400ml","10":"first","11":"instock","12":"shipping-taxable","13":"purchasable","14":"product-type-simple"},"acf":[],"_links":{"self":[{"href":"https:\/\/www.ernstbrunn-apotheke.at\/katalog\/wp-json\/wp\/v2\/product\/72814","targetHints":{"allow":["GET"]}}],"collection":[{"href":"https:\/\/www.ernstbrunn-apotheke.at\/katalog\/wp-json\/wp\/v2\/product"}],"about":[{"href":"https:\/\/www.ernstbrunn-apotheke.at\/katalog\/wp-json\/wp\/v2\/types\/product"}],"wp:featuredmedia":[{"embeddable":true,"href":"https:\/\/www.ernstbrunn-apotheke.at\/katalog\/wp-json\/wp\/v2\/media\/72816"}],"wp:attachment":[{"href":"https:\/\/www.ernstbrunn-apotheke.at\/katalog\/wp-json\/wp\/v2\/media?parent=72814"}],"wp:term":[{"taxonomy":"product_brand","embeddable":true,"href":"https:\/\/www.ernstbrunn-apotheke.at\/katalog\/wp-json\/wp\/v2\/product_brand?post=72814"},{"taxonomy":"product_cat","embeddable":true,"href":"https:\/\/www.ernstbrunn-apotheke.at\/katalog\/wp-json\/wp\/v2\/product_cat?post=72814"},{"taxonomy":"product_tag","embeddable":true,"href":"https:\/\/www.ernstbrunn-apotheke.at\/katalog\/wp-json\/wp\/v2\/product_tag?post=72814"}],"curies":[{"name":"wp","href":"https:\/\/api.w.org\/{rel}","templated":true}]}}