{"id":72721,"date":"2025-11-11T20:21:01","date_gmt":"2025-11-11T19:21:01","guid":{"rendered":"https:\/\/www.ernstbrunn-apotheke.at\/katalog\/produkt\/ringer-lactat-ecolav-loesung-500-ml-10-stk\/"},"modified":"2025-12-08T18:25:20","modified_gmt":"2025-12-08T17:25:20","slug":"ringer-lactat-ecolav-loesung-500-ml-10-stk","status":"publish","type":"product","link":"https:\/\/www.ernstbrunn-apotheke.at\/katalog\/produkt\/ringer-lactat-ecolav-loesung-500-ml-10-stk\/","title":{"rendered":"Ringer-Lactat Ecolav L\u00f6sung 500 ml 10 Stk."},"content":{"rendered":"<p>Ringer-Lactat Ecolav L\u00f6sung ist eine Sp\u00fcll\u00f6sung zur Reinigung von Wunden. Die L\u00f6sung eignet sich hervorragend zur Sp\u00fclung und Reinigung bei operativen Eingriffen sowie zur Sp\u00fclung von Wunden und Verbrennungen.<\/p>\n","protected":false},"excerpt":{"rendered":"<p>Ringer-Lactat Ecolav L\u00f6sung ist eine Sp\u00fcll\u00f6sung zur Reinigung von Wunden. Die L\u00f6sung eignet sich hervorragend zur Sp\u00fclung und Reinigung bei operativen Eingriffen sowie zur Sp\u00fclung von Wunden und Verbrennungen.<\/p>\n","protected":false},"featured_media":0,"template":"","meta":{"_acf_changed":false},"product_brand":[],"product_cat":[808],"product_tag":[],"class_list":{"0":"post-72721","1":"product","2":"type-product","3":"status-publish","5":"product_cat-r","6":"pa_packungsgroesse-10-stueck","8":"first","9":"instock","10":"shipping-taxable","11":"purchasable","12":"product-type-simple"},"acf":[],"_links":{"self":[{"href":"https:\/\/www.ernstbrunn-apotheke.at\/katalog\/wp-json\/wp\/v2\/product\/72721","targetHints":{"allow":["GET"]}}],"collection":[{"href":"https:\/\/www.ernstbrunn-apotheke.at\/katalog\/wp-json\/wp\/v2\/product"}],"about":[{"href":"https:\/\/www.ernstbrunn-apotheke.at\/katalog\/wp-json\/wp\/v2\/types\/product"}],"wp:attachment":[{"href":"https:\/\/www.ernstbrunn-apotheke.at\/katalog\/wp-json\/wp\/v2\/media?parent=72721"}],"wp:term":[{"taxonomy":"product_brand","embeddable":true,"href":"https:\/\/www.ernstbrunn-apotheke.at\/katalog\/wp-json\/wp\/v2\/product_brand?post=72721"},{"taxonomy":"product_cat","embeddable":true,"href":"https:\/\/www.ernstbrunn-apotheke.at\/katalog\/wp-json\/wp\/v2\/product_cat?post=72721"},{"taxonomy":"product_tag","embeddable":true,"href":"https:\/\/www.ernstbrunn-apotheke.at\/katalog\/wp-json\/wp\/v2\/product_tag?post=72721"}],"curies":[{"name":"wp","href":"https:\/\/api.w.org\/{rel}","templated":true}]}}