{"id":72703,"date":"2025-11-11T20:20:10","date_gmt":"2025-11-11T19:20:10","guid":{"rendered":"https:\/\/www.ernstbrunn-apotheke.at\/katalog\/produkt\/bioderma-atoderm-mildes-duschoel-200-ml\/"},"modified":"2025-12-08T18:25:12","modified_gmt":"2025-12-08T17:25:12","slug":"bioderma-atoderm-mildes-duschoel-200-ml","status":"publish","type":"product","link":"https:\/\/www.ernstbrunn-apotheke.at\/katalog\/produkt\/bioderma-atoderm-mildes-duschoel-200-ml\/","title":{"rendered":"Bioderma Atoderm Mildes Dusch\u00f6l 200 ml"},"content":{"rendered":"<p>Bioderma Atoderm mildes Dusch\u00f6l 200 ml f\u00fcr Gesicht und K\u00f6rper. Speziell geeignet f\u00fcr (sehr) trockene und irritierte, sensible Haut. F\u00fcr S\u00e4uglinge und Kleinkinder geeignet. Auch bei Neurodermitis.<\/p>\n","protected":false},"excerpt":{"rendered":"<p>Bioderma Atoderm mildes Dusch\u00f6l 200 ml f\u00fcr Gesicht und K\u00f6rper. Speziell geeignet f\u00fcr (sehr) trockene und irritierte, sensible Haut. F\u00fcr S\u00e4uglinge und Kleinkinder geeignet. Auch bei Neurodermitis.<\/p>\n","protected":false},"featured_media":72705,"template":"","meta":{"_acf_changed":false},"product_brand":[657],"product_cat":[802],"product_tag":[],"class_list":{"0":"post-72703","1":"product","2":"type-product","3":"status-publish","4":"has-post-thumbnail","6":"product_brand-bioderma","7":"product_cat-b","8":"pa_packungsgroesse-200ml","10":"first","11":"instock","12":"shipping-taxable","13":"purchasable","14":"product-type-simple"},"acf":[],"_links":{"self":[{"href":"https:\/\/www.ernstbrunn-apotheke.at\/katalog\/wp-json\/wp\/v2\/product\/72703","targetHints":{"allow":["GET"]}}],"collection":[{"href":"https:\/\/www.ernstbrunn-apotheke.at\/katalog\/wp-json\/wp\/v2\/product"}],"about":[{"href":"https:\/\/www.ernstbrunn-apotheke.at\/katalog\/wp-json\/wp\/v2\/types\/product"}],"wp:featuredmedia":[{"embeddable":true,"href":"https:\/\/www.ernstbrunn-apotheke.at\/katalog\/wp-json\/wp\/v2\/media\/72705"}],"wp:attachment":[{"href":"https:\/\/www.ernstbrunn-apotheke.at\/katalog\/wp-json\/wp\/v2\/media?parent=72703"}],"wp:term":[{"taxonomy":"product_brand","embeddable":true,"href":"https:\/\/www.ernstbrunn-apotheke.at\/katalog\/wp-json\/wp\/v2\/product_brand?post=72703"},{"taxonomy":"product_cat","embeddable":true,"href":"https:\/\/www.ernstbrunn-apotheke.at\/katalog\/wp-json\/wp\/v2\/product_cat?post=72703"},{"taxonomy":"product_tag","embeddable":true,"href":"https:\/\/www.ernstbrunn-apotheke.at\/katalog\/wp-json\/wp\/v2\/product_tag?post=72703"}],"curies":[{"name":"wp","href":"https:\/\/api.w.org\/{rel}","templated":true}]}}