{"id":72618,"date":"2025-11-11T20:15:41","date_gmt":"2025-11-11T19:15:41","guid":{"rendered":"https:\/\/www.ernstbrunn-apotheke.at\/katalog\/produkt\/vaseline-tiegel\/"},"modified":"2025-12-08T18:24:44","modified_gmt":"2025-12-08T17:24:44","slug":"vaseline-tiegel","status":"publish","type":"product","link":"https:\/\/www.ernstbrunn-apotheke.at\/katalog\/produkt\/vaseline-tiegel\/","title":{"rendered":"Vaseline Tiegel"},"content":{"rendered":"<p>Gall Pharma Vaseline ist eine praktisch wasserfreie Mischung von Kohlenwasserstoffen mit salben- bis pastenf\u00f6rmiger z\u00e4her Konsistenz ohne Geschmack und Geruch. In d\u00fcnner Schicht ist es durchscheinend. Es ist best\u00e4ndig gegen Luft und in der K\u00e4lte selbst gegen starke S\u00e4uren und Laugen resistent.<\/p>\n","protected":false},"excerpt":{"rendered":"<p>Gall Pharma Vaseline ist eine praktisch wasserfreie Mischung von Kohlenwasserstoffen mit salben- bis pastenf\u00f6rmiger z\u00e4her Konsistenz ohne Geschmack und Geruch. In d\u00fcnner Schicht ist es durchscheinend. Es ist best\u00e4ndig gegen Luft und in der K\u00e4lte selbst gegen starke S\u00e4uren und Laugen resistent.<\/p>\n","protected":false},"featured_media":72620,"template":"","meta":{"_acf_changed":false},"product_brand":[371],"product_cat":[799],"product_tag":[],"class_list":{"0":"post-72618","1":"product","2":"type-product","3":"status-publish","4":"has-post-thumbnail","6":"product_brand-gall-pharma","7":"product_cat-v","8":"pa_packungsgroesse-105g","10":"first","11":"instock","12":"shipping-taxable","13":"purchasable","14":"product-type-simple"},"acf":[],"_links":{"self":[{"href":"https:\/\/www.ernstbrunn-apotheke.at\/katalog\/wp-json\/wp\/v2\/product\/72618","targetHints":{"allow":["GET"]}}],"collection":[{"href":"https:\/\/www.ernstbrunn-apotheke.at\/katalog\/wp-json\/wp\/v2\/product"}],"about":[{"href":"https:\/\/www.ernstbrunn-apotheke.at\/katalog\/wp-json\/wp\/v2\/types\/product"}],"wp:featuredmedia":[{"embeddable":true,"href":"https:\/\/www.ernstbrunn-apotheke.at\/katalog\/wp-json\/wp\/v2\/media\/72620"}],"wp:attachment":[{"href":"https:\/\/www.ernstbrunn-apotheke.at\/katalog\/wp-json\/wp\/v2\/media?parent=72618"}],"wp:term":[{"taxonomy":"product_brand","embeddable":true,"href":"https:\/\/www.ernstbrunn-apotheke.at\/katalog\/wp-json\/wp\/v2\/product_brand?post=72618"},{"taxonomy":"product_cat","embeddable":true,"href":"https:\/\/www.ernstbrunn-apotheke.at\/katalog\/wp-json\/wp\/v2\/product_cat?post=72618"},{"taxonomy":"product_tag","embeddable":true,"href":"https:\/\/www.ernstbrunn-apotheke.at\/katalog\/wp-json\/wp\/v2\/product_tag?post=72618"}],"curies":[{"name":"wp","href":"https:\/\/api.w.org\/{rel}","templated":true}]}}