{"id":72607,"date":"2025-11-11T20:15:30","date_gmt":"2025-11-11T19:15:30","guid":{"rendered":"https:\/\/www.ernstbrunn-apotheke.at\/katalog\/produkt\/hydraplex-lotion-plus-urea-200-ml-01\/"},"modified":"2025-12-08T18:24:37","modified_gmt":"2025-12-08T17:24:37","slug":"hydraplex-lotion-plus-urea-200-ml-01","status":"publish","type":"product","link":"https:\/\/www.ernstbrunn-apotheke.at\/katalog\/produkt\/hydraplex-lotion-plus-urea-200-ml-01\/","title":{"rendered":"Hydraplex Lotion plus UREA 200 ml 0,1"},"content":{"rendered":"<p>Hydraplex Lotion plus UREA ist eine Pflege f\u00fcr normale Haut, welche \u00fcberm\u00e4\u00dfige Wasserverdunstung verhindert. Die Pflege unterst\u00fctzt bei chronischen Hautkrankheiten die Normalisierung der Hautfunktion und pflegt die Haut nach intensiver Sonnenbestrahlung<\/p>\n","protected":false},"excerpt":{"rendered":"<p>Hydraplex Lotion plus UREA ist eine Pflege f\u00fcr normale Haut, welche \u00fcberm\u00e4\u00dfige Wasserverdunstung verhindert. Die Pflege unterst\u00fctzt bei chronischen Hautkrankheiten die Normalisierung der Hautfunktion und pflegt die Haut nach intensiver Sonnenbestrahlung<\/p>\n","protected":false},"featured_media":72609,"template":"","meta":{"_acf_changed":false},"product_brand":[],"product_cat":[805],"product_tag":[],"class_list":{"0":"post-72607","1":"product","2":"type-product","3":"status-publish","4":"has-post-thumbnail","6":"product_cat-h","7":"pa_packungsgroesse-200ml","9":"first","10":"instock","11":"shipping-taxable","12":"purchasable","13":"product-type-simple"},"acf":[],"_links":{"self":[{"href":"https:\/\/www.ernstbrunn-apotheke.at\/katalog\/wp-json\/wp\/v2\/product\/72607","targetHints":{"allow":["GET"]}}],"collection":[{"href":"https:\/\/www.ernstbrunn-apotheke.at\/katalog\/wp-json\/wp\/v2\/product"}],"about":[{"href":"https:\/\/www.ernstbrunn-apotheke.at\/katalog\/wp-json\/wp\/v2\/types\/product"}],"wp:featuredmedia":[{"embeddable":true,"href":"https:\/\/www.ernstbrunn-apotheke.at\/katalog\/wp-json\/wp\/v2\/media\/72609"}],"wp:attachment":[{"href":"https:\/\/www.ernstbrunn-apotheke.at\/katalog\/wp-json\/wp\/v2\/media?parent=72607"}],"wp:term":[{"taxonomy":"product_brand","embeddable":true,"href":"https:\/\/www.ernstbrunn-apotheke.at\/katalog\/wp-json\/wp\/v2\/product_brand?post=72607"},{"taxonomy":"product_cat","embeddable":true,"href":"https:\/\/www.ernstbrunn-apotheke.at\/katalog\/wp-json\/wp\/v2\/product_cat?post=72607"},{"taxonomy":"product_tag","embeddable":true,"href":"https:\/\/www.ernstbrunn-apotheke.at\/katalog\/wp-json\/wp\/v2\/product_tag?post=72607"}],"curies":[{"name":"wp","href":"https:\/\/api.w.org\/{rel}","templated":true}]}}