{"id":72589,"date":"2025-11-11T20:15:04","date_gmt":"2025-11-11T19:15:04","guid":{"rendered":"https:\/\/www.ernstbrunn-apotheke.at\/katalog\/produkt\/mantra-augen-sehkraft-kapseln-120-stk\/"},"modified":"2025-12-08T18:24:31","modified_gmt":"2025-12-08T17:24:31","slug":"mantra-augen-sehkraft-kapseln-120-stk","status":"publish","type":"product","link":"https:\/\/www.ernstbrunn-apotheke.at\/katalog\/produkt\/mantra-augen-sehkraft-kapseln-120-stk\/","title":{"rendered":"Mantra Augen &#038; Sehkraft Kapseln 120 Stk."},"content":{"rendered":"<p>Mantra Augen &#038; Sehkraft Kapseln mit Lutein 12 sind ein Nahrungserg\u00e4nzungsmittel und beinhalten die wichtigsten, augenspezifischen N\u00e4hr- und Schutzstoffe. Sie sind reich an wertvollen Vitaminen wie Vitamin A und C f\u00fcr einen optimalen Zellschutz und an den Spurenelementen Zink und Kupfer aus traditionell verwendeten Pflanzenstoffen wie Traubenkern, Cranberry, Weihrauch-Harz und Zimt.<\/p>\n","protected":false},"excerpt":{"rendered":"<p>Mantra Augen &#038; Sehkraft Kapseln mit Lutein 12 sind ein Nahrungserg\u00e4nzungsmittel und beinhalten die wichtigsten, augenspezifischen N\u00e4hr- und Schutzstoffe. Sie sind reich an wertvollen Vitaminen wie Vitamin A und C f\u00fcr einen optimalen Zellschutz und an den Spurenelementen Zink und Kupfer aus traditionell verwendeten Pflanzenstoffen wie Traubenkern, Cranberry, Weihrauch-Harz und Zimt.<\/p>\n","protected":false},"featured_media":72591,"template":"","meta":{"_acf_changed":false},"product_brand":[],"product_cat":[800],"product_tag":[],"class_list":{"0":"post-72589","1":"product","2":"type-product","3":"status-publish","4":"has-post-thumbnail","6":"product_cat-m","7":"pa_packungsgroesse-120-stueck","9":"first","10":"instock","11":"shipping-taxable","12":"purchasable","13":"product-type-simple"},"acf":[],"_links":{"self":[{"href":"https:\/\/www.ernstbrunn-apotheke.at\/katalog\/wp-json\/wp\/v2\/product\/72589","targetHints":{"allow":["GET"]}}],"collection":[{"href":"https:\/\/www.ernstbrunn-apotheke.at\/katalog\/wp-json\/wp\/v2\/product"}],"about":[{"href":"https:\/\/www.ernstbrunn-apotheke.at\/katalog\/wp-json\/wp\/v2\/types\/product"}],"wp:featuredmedia":[{"embeddable":true,"href":"https:\/\/www.ernstbrunn-apotheke.at\/katalog\/wp-json\/wp\/v2\/media\/72591"}],"wp:attachment":[{"href":"https:\/\/www.ernstbrunn-apotheke.at\/katalog\/wp-json\/wp\/v2\/media?parent=72589"}],"wp:term":[{"taxonomy":"product_brand","embeddable":true,"href":"https:\/\/www.ernstbrunn-apotheke.at\/katalog\/wp-json\/wp\/v2\/product_brand?post=72589"},{"taxonomy":"product_cat","embeddable":true,"href":"https:\/\/www.ernstbrunn-apotheke.at\/katalog\/wp-json\/wp\/v2\/product_cat?post=72589"},{"taxonomy":"product_tag","embeddable":true,"href":"https:\/\/www.ernstbrunn-apotheke.at\/katalog\/wp-json\/wp\/v2\/product_tag?post=72589"}],"curies":[{"name":"wp","href":"https:\/\/api.w.org\/{rel}","templated":true}]}}