{"id":72523,"date":"2025-11-11T20:14:01","date_gmt":"2025-11-11T19:14:01","guid":{"rendered":"https:\/\/www.ernstbrunn-apotheke.at\/katalog\/produkt\/gall-pharma-vitamin-k2-200-mcg-kapseln-90-stk\/"},"modified":"2025-12-08T18:24:10","modified_gmt":"2025-12-08T17:24:10","slug":"gall-pharma-vitamin-k2-200-mcg-kapseln-90-stk","status":"publish","type":"product","link":"https:\/\/www.ernstbrunn-apotheke.at\/katalog\/produkt\/gall-pharma-vitamin-k2-200-mcg-kapseln-90-stk\/","title":{"rendered":"Gall Pharma Vitamin K2 200 mcg Kapseln 90 Stk."},"content":{"rendered":"<p>Vitamin K2 hindert das Calcium im Blut daran, sich als sch\u00e4dliches Plaque in den Arterien festzusetzen und h\u00e4lt so unsere Gef\u00e4\u00dfe sauber. Dar\u00fcber hinaus ist es an vielen Stoffwechselprozessen unseres K\u00f6rpers beteiligt. Jetzt online bestellen!<\/p>\n","protected":false},"excerpt":{"rendered":"<p>Vitamin K2 hindert das Calcium im Blut daran, sich als sch\u00e4dliches Plaque in den Arterien festzusetzen und h\u00e4lt so unsere Gef\u00e4\u00dfe sauber. Dar\u00fcber hinaus ist es an vielen Stoffwechselprozessen unseres K\u00f6rpers beteiligt. Jetzt online bestellen!<\/p>\n","protected":false},"featured_media":72525,"template":"","meta":{"_acf_changed":false},"product_brand":[371],"product_cat":[810],"product_tag":[],"class_list":{"0":"post-72523","1":"product","2":"type-product","3":"status-publish","4":"has-post-thumbnail","6":"product_brand-gall-pharma","7":"product_cat-g","8":"pa_packungsgroesse-90-stueck","10":"first","11":"instock","12":"shipping-taxable","13":"purchasable","14":"product-type-simple"},"acf":[],"_links":{"self":[{"href":"https:\/\/www.ernstbrunn-apotheke.at\/katalog\/wp-json\/wp\/v2\/product\/72523","targetHints":{"allow":["GET"]}}],"collection":[{"href":"https:\/\/www.ernstbrunn-apotheke.at\/katalog\/wp-json\/wp\/v2\/product"}],"about":[{"href":"https:\/\/www.ernstbrunn-apotheke.at\/katalog\/wp-json\/wp\/v2\/types\/product"}],"wp:featuredmedia":[{"embeddable":true,"href":"https:\/\/www.ernstbrunn-apotheke.at\/katalog\/wp-json\/wp\/v2\/media\/72525"}],"wp:attachment":[{"href":"https:\/\/www.ernstbrunn-apotheke.at\/katalog\/wp-json\/wp\/v2\/media?parent=72523"}],"wp:term":[{"taxonomy":"product_brand","embeddable":true,"href":"https:\/\/www.ernstbrunn-apotheke.at\/katalog\/wp-json\/wp\/v2\/product_brand?post=72523"},{"taxonomy":"product_cat","embeddable":true,"href":"https:\/\/www.ernstbrunn-apotheke.at\/katalog\/wp-json\/wp\/v2\/product_cat?post=72523"},{"taxonomy":"product_tag","embeddable":true,"href":"https:\/\/www.ernstbrunn-apotheke.at\/katalog\/wp-json\/wp\/v2\/product_tag?post=72523"}],"curies":[{"name":"wp","href":"https:\/\/api.w.org\/{rel}","templated":true}]}}