{"id":72433,"date":"2025-11-11T20:12:13","date_gmt":"2025-11-11T19:12:13","guid":{"rendered":"https:\/\/www.ernstbrunn-apotheke.at\/katalog\/produkt\/l-lysin-hcl-500mg-kapseln-2\/"},"modified":"2025-12-08T18:23:30","modified_gmt":"2025-12-08T17:23:30","slug":"l-lysin-hcl-500mg-kapseln-2","status":"publish","type":"product","link":"https:\/\/www.ernstbrunn-apotheke.at\/katalog\/produkt\/l-lysin-hcl-500mg-kapseln-2\/","title":{"rendered":"L -Lysin HCl 500mg Kapseln"},"content":{"rendered":"<p>Gall Pharma L-Lysin 500 mg Kapseln 250 Stk. enthalten 500 mg L-Lysinhydrochlorid in einer Hartgelatinekapsel. Diese essentielle Aminos\u00e4ure kommt in gro\u00dfer Menge im Muskelgewebe vor. In den meisten Getreideprodukten fehlt L-Lysin, weshalb diese keine biologisch hochwertigen Eiwei\u00dfe darstellen. Die Funktion von L-Lysin ist vor allem innerhalb des Immunsystems wichtig. Zudem ist Lysin am Proteinaufbau beteiligt, ein Lysinmangel kann daher zu spr\u00f6der Haut, br\u00fcchigen N\u00e4geln und im Extremfall Haarausfall f\u00fchren \u2013 Spitzenprodukte von Gall Pharma jetzt online bestellen und direkt zu Ihnen nach Hause liefern lassen!<\/p>\n","protected":false},"excerpt":{"rendered":"<p>Gall Pharma L-Lysin 500 mg Kapseln 250 Stk. enthalten 500 mg L-Lysinhydrochlorid in einer Hartgelatinekapsel. Diese essentielle Aminos\u00e4ure kommt in gro\u00dfer Menge im Muskelgewebe vor. In den meisten Getreideprodukten fehlt L-Lysin, weshalb diese keine biologisch hochwertigen Eiwei\u00dfe darstellen. Die Funktion von L-Lysin ist vor allem innerhalb des Immunsystems wichtig. Zudem ist Lysin am Proteinaufbau beteiligt, [&hellip;]<\/p>\n","protected":false},"featured_media":72435,"template":"","meta":{"_acf_changed":false},"product_brand":[371],"product_cat":[795],"product_tag":[],"class_list":{"0":"post-72433","1":"product","2":"type-product","3":"status-publish","4":"has-post-thumbnail","6":"product_brand-gall-pharma","7":"product_cat-l","8":"pa_packungsgroesse-250-stueck","10":"first","11":"instock","12":"shipping-taxable","13":"purchasable","14":"product-type-simple"},"acf":[],"_links":{"self":[{"href":"https:\/\/www.ernstbrunn-apotheke.at\/katalog\/wp-json\/wp\/v2\/product\/72433","targetHints":{"allow":["GET"]}}],"collection":[{"href":"https:\/\/www.ernstbrunn-apotheke.at\/katalog\/wp-json\/wp\/v2\/product"}],"about":[{"href":"https:\/\/www.ernstbrunn-apotheke.at\/katalog\/wp-json\/wp\/v2\/types\/product"}],"wp:featuredmedia":[{"embeddable":true,"href":"https:\/\/www.ernstbrunn-apotheke.at\/katalog\/wp-json\/wp\/v2\/media\/72435"}],"wp:attachment":[{"href":"https:\/\/www.ernstbrunn-apotheke.at\/katalog\/wp-json\/wp\/v2\/media?parent=72433"}],"wp:term":[{"taxonomy":"product_brand","embeddable":true,"href":"https:\/\/www.ernstbrunn-apotheke.at\/katalog\/wp-json\/wp\/v2\/product_brand?post=72433"},{"taxonomy":"product_cat","embeddable":true,"href":"https:\/\/www.ernstbrunn-apotheke.at\/katalog\/wp-json\/wp\/v2\/product_cat?post=72433"},{"taxonomy":"product_tag","embeddable":true,"href":"https:\/\/www.ernstbrunn-apotheke.at\/katalog\/wp-json\/wp\/v2\/product_tag?post=72433"}],"curies":[{"name":"wp","href":"https:\/\/api.w.org\/{rel}","templated":true}]}}