{"id":72366,"date":"2025-11-11T20:10:56","date_gmt":"2025-11-11T19:10:56","guid":{"rendered":"https:\/\/www.ernstbrunn-apotheke.at\/katalog\/produkt\/flohsamen-darmrein-kapseln-ncm-200-stk\/"},"modified":"2025-12-08T18:23:03","modified_gmt":"2025-12-08T17:23:03","slug":"flohsamen-darmrein-kapseln-ncm-200-stk","status":"publish","type":"product","link":"https:\/\/www.ernstbrunn-apotheke.at\/katalog\/produkt\/flohsamen-darmrein-kapseln-ncm-200-stk\/","title":{"rendered":"Flohsamen Darmrein Kapseln NCM 200 Stk."},"content":{"rendered":"<p>NCM Nahrungserg\u00e4nzung Naturcosmetic bietet eine Vielzahl an nat\u00fcrlichen Pflegeprodukten und Nahrungserg\u00e4nzungsmitteln. Alle Produkte aus nat\u00fcrlichen Quellen<\/p>\n","protected":false},"excerpt":{"rendered":"<p>NCM Nahrungserg\u00e4nzung Naturcosmetic bietet eine Vielzahl an nat\u00fcrlichen Pflegeprodukten und Nahrungserg\u00e4nzungsmitteln. Alle Produkte aus nat\u00fcrlichen Quellen<\/p>\n","protected":false},"featured_media":72368,"template":"","meta":{"_acf_changed":false},"product_brand":[],"product_cat":[809],"product_tag":[],"class_list":{"0":"post-72366","1":"product","2":"type-product","3":"status-publish","4":"has-post-thumbnail","6":"product_cat-f","7":"pa_packungsgroesse-200-stueck","9":"first","10":"instock","11":"shipping-taxable","12":"purchasable","13":"product-type-simple"},"acf":[],"_links":{"self":[{"href":"https:\/\/www.ernstbrunn-apotheke.at\/katalog\/wp-json\/wp\/v2\/product\/72366","targetHints":{"allow":["GET"]}}],"collection":[{"href":"https:\/\/www.ernstbrunn-apotheke.at\/katalog\/wp-json\/wp\/v2\/product"}],"about":[{"href":"https:\/\/www.ernstbrunn-apotheke.at\/katalog\/wp-json\/wp\/v2\/types\/product"}],"wp:featuredmedia":[{"embeddable":true,"href":"https:\/\/www.ernstbrunn-apotheke.at\/katalog\/wp-json\/wp\/v2\/media\/72368"}],"wp:attachment":[{"href":"https:\/\/www.ernstbrunn-apotheke.at\/katalog\/wp-json\/wp\/v2\/media?parent=72366"}],"wp:term":[{"taxonomy":"product_brand","embeddable":true,"href":"https:\/\/www.ernstbrunn-apotheke.at\/katalog\/wp-json\/wp\/v2\/product_brand?post=72366"},{"taxonomy":"product_cat","embeddable":true,"href":"https:\/\/www.ernstbrunn-apotheke.at\/katalog\/wp-json\/wp\/v2\/product_cat?post=72366"},{"taxonomy":"product_tag","embeddable":true,"href":"https:\/\/www.ernstbrunn-apotheke.at\/katalog\/wp-json\/wp\/v2\/product_tag?post=72366"}],"curies":[{"name":"wp","href":"https:\/\/api.w.org\/{rel}","templated":true}]}}