{"id":72340,"date":"2025-11-11T20:10:36","date_gmt":"2025-11-11T19:10:36","guid":{"rendered":"https:\/\/www.ernstbrunn-apotheke.at\/katalog\/produkt\/thealoz-duo-ud-augentropfen-einzeldosispipetten-30-stk\/"},"modified":"2025-12-08T18:22:51","modified_gmt":"2025-12-08T17:22:51","slug":"thealoz-duo-ud-augentropfen-einzeldosispipetten-30-stk","status":"publish","type":"product","link":"https:\/\/www.ernstbrunn-apotheke.at\/katalog\/produkt\/thealoz-duo-ud-augentropfen-einzeldosispipetten-30-stk\/","title":{"rendered":"Thealoz Duo UD Augentropfen Einzeldosispipetten 30 Stk."},"content":{"rendered":"<p>Thealoz THEALOZ\u00ae Duo Augentropfen 10 ml werden verwendet bei allen Formen des Trockenen Auges, besonders auch f\u00fcr Personen, die einen hohen Wert auf Komfort und leichte Handhabung legen. W\u00e4hrend die Hyalurons\u00e4ure das Auge wohltuend befeuchtet und einen lang anhaltenden Feuchtigkeitsfilm auf der Augenoberfl\u00e4che bildet, stabilisiert die Trehalose den nat\u00fcrlichen Tr\u00e4nenfilm. Auf der anderen Seite sch\u00fctzt die Trehalose das Auge vor Sch\u00e4digungen durch Trockenheit, w\u00e4hrend die Hyalurons\u00e4ure vorhandene Sch\u00e4digungen der Augenoberfl\u00e4che regeneriert.<\/p>\n","protected":false},"excerpt":{"rendered":"<p>Thealoz THEALOZ\u00ae Duo Augentropfen 10 ml werden verwendet bei allen Formen des Trockenen Auges, besonders auch f\u00fcr Personen, die einen hohen Wert auf Komfort und leichte Handhabung legen. W\u00e4hrend die Hyalurons\u00e4ure das Auge wohltuend befeuchtet und einen lang anhaltenden Feuchtigkeitsfilm auf der Augenoberfl\u00e4che bildet, stabilisiert die Trehalose den nat\u00fcrlichen Tr\u00e4nenfilm. Auf der anderen Seite sch\u00fctzt [&hellip;]<\/p>\n","protected":false},"featured_media":72342,"template":"","meta":{"_acf_changed":false},"product_brand":[402],"product_cat":[798],"product_tag":[],"class_list":{"0":"post-72340","1":"product","2":"type-product","3":"status-publish","4":"has-post-thumbnail","6":"product_brand-thealoz","7":"product_cat-t","8":"pa_packungsgroesse-30-stueck","10":"first","11":"instock","12":"shipping-taxable","13":"purchasable","14":"product-type-simple"},"acf":[],"_links":{"self":[{"href":"https:\/\/www.ernstbrunn-apotheke.at\/katalog\/wp-json\/wp\/v2\/product\/72340","targetHints":{"allow":["GET"]}}],"collection":[{"href":"https:\/\/www.ernstbrunn-apotheke.at\/katalog\/wp-json\/wp\/v2\/product"}],"about":[{"href":"https:\/\/www.ernstbrunn-apotheke.at\/katalog\/wp-json\/wp\/v2\/types\/product"}],"wp:featuredmedia":[{"embeddable":true,"href":"https:\/\/www.ernstbrunn-apotheke.at\/katalog\/wp-json\/wp\/v2\/media\/72342"}],"wp:attachment":[{"href":"https:\/\/www.ernstbrunn-apotheke.at\/katalog\/wp-json\/wp\/v2\/media?parent=72340"}],"wp:term":[{"taxonomy":"product_brand","embeddable":true,"href":"https:\/\/www.ernstbrunn-apotheke.at\/katalog\/wp-json\/wp\/v2\/product_brand?post=72340"},{"taxonomy":"product_cat","embeddable":true,"href":"https:\/\/www.ernstbrunn-apotheke.at\/katalog\/wp-json\/wp\/v2\/product_cat?post=72340"},{"taxonomy":"product_tag","embeddable":true,"href":"https:\/\/www.ernstbrunn-apotheke.at\/katalog\/wp-json\/wp\/v2\/product_tag?post=72340"}],"curies":[{"name":"wp","href":"https:\/\/api.w.org\/{rel}","templated":true}]}}