{"id":72332,"date":"2025-11-11T20:10:36","date_gmt":"2025-11-11T19:10:36","guid":{"rendered":"https:\/\/www.ernstbrunn-apotheke.at\/katalog\/produkt\/apofit-macadamia-nussoel-50-ml\/"},"modified":"2025-12-08T18:22:50","modified_gmt":"2025-12-08T17:22:50","slug":"apofit-macadamia-nussoel-50-ml","status":"publish","type":"product","link":"https:\/\/www.ernstbrunn-apotheke.at\/katalog\/produkt\/apofit-macadamia-nussoel-50-ml\/","title":{"rendered":"Apofit Macadamia Nuss\u00f6l 50 ml"},"content":{"rendered":"<p>Apofit Macadamia Nuss\u00f6l gl\u00e4ttet die Haut und sch\u00fctzt sie vor Feuchtigkeitsverlust. Es ist besonders wirksam bei trockener und reifer Haut. Das \u00d6l wird von der Haut wegen seiner hautverwandten Fetts\u00e4uren besonders gut vertragen. Da\u00fcber hinaus st\u00e4rkt es die Schutzbarriere und Regenerationsf\u00e4higkeit der Haut und strafft sie.<\/p>\n","protected":false},"excerpt":{"rendered":"<p>Apofit Macadamia Nuss\u00f6l gl\u00e4ttet die Haut und sch\u00fctzt sie vor Feuchtigkeitsverlust. Es ist besonders wirksam bei trockener und reifer Haut. Das \u00d6l wird von der Haut wegen seiner hautverwandten Fetts\u00e4uren besonders gut vertragen. Da\u00fcber hinaus st\u00e4rkt es die Schutzbarriere und Regenerationsf\u00e4higkeit der Haut und strafft sie.<\/p>\n","protected":false},"featured_media":72334,"template":"","meta":{"_acf_changed":false},"product_brand":[584],"product_cat":[801],"product_tag":[],"class_list":{"0":"post-72332","1":"product","2":"type-product","3":"status-publish","4":"has-post-thumbnail","6":"product_brand-apofit","7":"product_cat-a","8":"pa_packungsgroesse-50ml","10":"first","11":"instock","12":"shipping-taxable","13":"purchasable","14":"product-type-simple"},"acf":[],"_links":{"self":[{"href":"https:\/\/www.ernstbrunn-apotheke.at\/katalog\/wp-json\/wp\/v2\/product\/72332","targetHints":{"allow":["GET"]}}],"collection":[{"href":"https:\/\/www.ernstbrunn-apotheke.at\/katalog\/wp-json\/wp\/v2\/product"}],"about":[{"href":"https:\/\/www.ernstbrunn-apotheke.at\/katalog\/wp-json\/wp\/v2\/types\/product"}],"wp:featuredmedia":[{"embeddable":true,"href":"https:\/\/www.ernstbrunn-apotheke.at\/katalog\/wp-json\/wp\/v2\/media\/72334"}],"wp:attachment":[{"href":"https:\/\/www.ernstbrunn-apotheke.at\/katalog\/wp-json\/wp\/v2\/media?parent=72332"}],"wp:term":[{"taxonomy":"product_brand","embeddable":true,"href":"https:\/\/www.ernstbrunn-apotheke.at\/katalog\/wp-json\/wp\/v2\/product_brand?post=72332"},{"taxonomy":"product_cat","embeddable":true,"href":"https:\/\/www.ernstbrunn-apotheke.at\/katalog\/wp-json\/wp\/v2\/product_cat?post=72332"},{"taxonomy":"product_tag","embeddable":true,"href":"https:\/\/www.ernstbrunn-apotheke.at\/katalog\/wp-json\/wp\/v2\/product_tag?post=72332"}],"curies":[{"name":"wp","href":"https:\/\/api.w.org\/{rel}","templated":true}]}}