{"id":72282,"date":"2025-11-11T20:09:26","date_gmt":"2025-11-11T19:09:26","guid":{"rendered":"https:\/\/www.ernstbrunn-apotheke.at\/katalog\/produkt\/melasan-sport-shape-protein-drink-schoko-banane-500-g\/"},"modified":"2025-12-08T18:22:31","modified_gmt":"2025-12-08T17:22:31","slug":"melasan-sport-shape-protein-drink-schoko-banane-500-g","status":"publish","type":"product","link":"https:\/\/www.ernstbrunn-apotheke.at\/katalog\/produkt\/melasan-sport-shape-protein-drink-schoko-banane-500-g\/","title":{"rendered":"Melasan Sport Shape Protein Drink Schoko-Banane 500 g"},"content":{"rendered":"<p>Der neue Melasan Shape Protein Drink mit feinem Schoko-Banane-Geschmack ist der ideale Begleiter um auf gesundem Weg Ihr K\u00f6rpergewicht zu reduzieren und gleichzeitig Ihre Muskelmasse zu erhalten. Unser Shape Protein Drink wird ohne k\u00fcnstliche Zusatzstoffe gefertigt und enth\u00e4lt einen perfekten Ballaststoffkomplex, welcher zu einem langanhaltenden S\u00e4ttigungsgef\u00fchl sowie einem konstanten Blutzuckerspiegel beitr\u00e4gt. Weiters beinhaltet der Protein Drink eine Top-Eiwei\u00dfquelle mit h\u00f6chster Qualit\u00e4t und hervorragendem Aminos\u00e4ureprofil mit einem hohen Anteil an den verzweigtkettigen Aminos\u00e4uren Leucin, Valin und Isoleucin. Mit unserem Melasan Shape Protein Drink sparen Sie Sich unn\u00f6tige Kalorien und haben dabei ein tolles Geschmackserlebnis.<\/p>\n","protected":false},"excerpt":{"rendered":"<p>Der neue Melasan Shape Protein Drink mit feinem Schoko-Banane-Geschmack ist der ideale Begleiter um auf gesundem Weg Ihr K\u00f6rpergewicht zu reduzieren und gleichzeitig Ihre Muskelmasse zu erhalten. Unser Shape Protein Drink wird ohne k\u00fcnstliche Zusatzstoffe gefertigt und enth\u00e4lt einen perfekten Ballaststoffkomplex, welcher zu einem langanhaltenden S\u00e4ttigungsgef\u00fchl sowie einem konstanten Blutzuckerspiegel beitr\u00e4gt. Weiters beinhaltet der Protein [&hellip;]<\/p>\n","protected":false},"featured_media":72284,"template":"","meta":{"_acf_changed":false},"product_brand":[373],"product_cat":[800],"product_tag":[],"class_list":{"0":"post-72282","1":"product","2":"type-product","3":"status-publish","4":"has-post-thumbnail","6":"product_brand-melasan","7":"product_cat-m","8":"pa_packungsgroesse-500g","10":"first","11":"instock","12":"shipping-taxable","13":"purchasable","14":"product-type-simple"},"acf":[],"_links":{"self":[{"href":"https:\/\/www.ernstbrunn-apotheke.at\/katalog\/wp-json\/wp\/v2\/product\/72282","targetHints":{"allow":["GET"]}}],"collection":[{"href":"https:\/\/www.ernstbrunn-apotheke.at\/katalog\/wp-json\/wp\/v2\/product"}],"about":[{"href":"https:\/\/www.ernstbrunn-apotheke.at\/katalog\/wp-json\/wp\/v2\/types\/product"}],"wp:featuredmedia":[{"embeddable":true,"href":"https:\/\/www.ernstbrunn-apotheke.at\/katalog\/wp-json\/wp\/v2\/media\/72284"}],"wp:attachment":[{"href":"https:\/\/www.ernstbrunn-apotheke.at\/katalog\/wp-json\/wp\/v2\/media?parent=72282"}],"wp:term":[{"taxonomy":"product_brand","embeddable":true,"href":"https:\/\/www.ernstbrunn-apotheke.at\/katalog\/wp-json\/wp\/v2\/product_brand?post=72282"},{"taxonomy":"product_cat","embeddable":true,"href":"https:\/\/www.ernstbrunn-apotheke.at\/katalog\/wp-json\/wp\/v2\/product_cat?post=72282"},{"taxonomy":"product_tag","embeddable":true,"href":"https:\/\/www.ernstbrunn-apotheke.at\/katalog\/wp-json\/wp\/v2\/product_tag?post=72282"}],"curies":[{"name":"wp","href":"https:\/\/api.w.org\/{rel}","templated":true}]}}