{"id":72043,"date":"2025-11-11T20:04:46","date_gmt":"2025-11-11T19:04:46","guid":{"rendered":"https:\/\/www.ernstbrunn-apotheke.at\/katalog\/produkt\/speick-natural-deo-dusch-hair-body-hautfreundlicher-ph-wert-250-ml\/"},"modified":"2025-12-08T18:21:17","modified_gmt":"2025-12-08T17:21:17","slug":"speick-natural-deo-dusch-hair-body-hautfreundlicher-ph-wert-250-ml","status":"publish","type":"product","link":"https:\/\/www.ernstbrunn-apotheke.at\/katalog\/produkt\/speick-natural-deo-dusch-hair-body-hautfreundlicher-ph-wert-250-ml\/","title":{"rendered":"Speick Natural Deo Dusch Hair + Body Hautfreundlicher pH-Wert 250 ml"},"content":{"rendered":"<p>Sanfte, gr\u00fcndliche Reinigung f\u00fcr Haut und Haare mit dem Original Speick-Duft und Bio-Salbei f\u00fcr einen erfrischenden, nat\u00fcrli-chen Deo-Effekt. Der klassische Speick-Duft sorgt f\u00fcr einen belebenden Frische-Kick in den Tag. Gluten- und laktosefrei. Dermatologisch allergologisch getestet. .<\/p>\n","protected":false},"excerpt":{"rendered":"<p>Sanfte, gr\u00fcndliche Reinigung f\u00fcr Haut und Haare mit dem Original Speick-Duft und Bio-Salbei f\u00fcr einen erfrischenden, nat\u00fcrli-chen Deo-Effekt. Der klassische Speick-Duft sorgt f\u00fcr einen belebenden Frische-Kick in den Tag. Gluten- und laktosefrei. Dermatologisch allergologisch getestet. .<\/p>\n","protected":false},"featured_media":72045,"template":"","meta":{"_acf_changed":false},"product_brand":[],"product_cat":[791],"product_tag":[],"class_list":{"0":"post-72043","1":"product","2":"type-product","3":"status-publish","4":"has-post-thumbnail","6":"product_cat-s","7":"pa_packungsgroesse-250ml","9":"first","10":"instock","11":"shipping-taxable","12":"purchasable","13":"product-type-simple"},"acf":[],"_links":{"self":[{"href":"https:\/\/www.ernstbrunn-apotheke.at\/katalog\/wp-json\/wp\/v2\/product\/72043","targetHints":{"allow":["GET"]}}],"collection":[{"href":"https:\/\/www.ernstbrunn-apotheke.at\/katalog\/wp-json\/wp\/v2\/product"}],"about":[{"href":"https:\/\/www.ernstbrunn-apotheke.at\/katalog\/wp-json\/wp\/v2\/types\/product"}],"wp:featuredmedia":[{"embeddable":true,"href":"https:\/\/www.ernstbrunn-apotheke.at\/katalog\/wp-json\/wp\/v2\/media\/72045"}],"wp:attachment":[{"href":"https:\/\/www.ernstbrunn-apotheke.at\/katalog\/wp-json\/wp\/v2\/media?parent=72043"}],"wp:term":[{"taxonomy":"product_brand","embeddable":true,"href":"https:\/\/www.ernstbrunn-apotheke.at\/katalog\/wp-json\/wp\/v2\/product_brand?post=72043"},{"taxonomy":"product_cat","embeddable":true,"href":"https:\/\/www.ernstbrunn-apotheke.at\/katalog\/wp-json\/wp\/v2\/product_cat?post=72043"},{"taxonomy":"product_tag","embeddable":true,"href":"https:\/\/www.ernstbrunn-apotheke.at\/katalog\/wp-json\/wp\/v2\/product_tag?post=72043"}],"curies":[{"name":"wp","href":"https:\/\/api.w.org\/{rel}","templated":true}]}}