{"id":72022,"date":"2025-11-11T20:04:10","date_gmt":"2025-11-11T19:04:10","guid":{"rendered":"https:\/\/www.ernstbrunn-apotheke.at\/katalog\/produkt\/dr-jacobs-vitamin-d3-oel-forte-tropfen-20-ml\/"},"modified":"2025-12-08T18:21:07","modified_gmt":"2025-12-08T17:21:07","slug":"dr-jacobs-vitamin-d3-oel-forte-tropfen-20-ml","status":"publish","type":"product","link":"https:\/\/www.ernstbrunn-apotheke.at\/katalog\/produkt\/dr-jacobs-vitamin-d3-oel-forte-tropfen-20-ml\/","title":{"rendered":"Dr. Jacobs Vitamin D3 \u00d6l forte Tropfen 20 ml"},"content":{"rendered":"<p>Dr. Jacob\u00b4s Vitamin D3 \u00d6l bietet Ihnen die Sonne in Tropfenform! Mit praktischer Pipette lassen sich Vitamin-D-M\u00e4ngel besonders im Winter leicht ausgleichen. Die hoch dosierte Version enth\u00e4lt pro Tropfen 50 \u03bcg Vitamin D3 = 2000 I.E. Die Einnahme f\u00f6rdert nicht nur das Immunsystem, sondern tr\u00e4gt auch zur Erhaltung von Knochen, Z\u00e4hnen und Muskeln bei.<\/p>\n","protected":false},"excerpt":{"rendered":"<p>Dr. Jacob\u00b4s Vitamin D3 \u00d6l bietet Ihnen die Sonne in Tropfenform! Mit praktischer Pipette lassen sich Vitamin-D-M\u00e4ngel besonders im Winter leicht ausgleichen. Die hoch dosierte Version enth\u00e4lt pro Tropfen 50 \u03bcg Vitamin D3 = 2000 I.E. Die Einnahme f\u00f6rdert nicht nur das Immunsystem, sondern tr\u00e4gt auch zur Erhaltung von Knochen, Z\u00e4hnen und Muskeln bei.<\/p>\n","protected":false},"featured_media":72024,"template":"","meta":{"_acf_changed":false},"product_brand":[433],"product_cat":[792],"product_tag":[],"class_list":{"0":"post-72022","1":"product","2":"type-product","3":"status-publish","4":"has-post-thumbnail","6":"product_brand-dr-jacobs","7":"product_cat-d","8":"pa_packungsgroesse-20ml","10":"first","11":"instock","12":"shipping-taxable","13":"purchasable","14":"product-type-simple"},"acf":[],"_links":{"self":[{"href":"https:\/\/www.ernstbrunn-apotheke.at\/katalog\/wp-json\/wp\/v2\/product\/72022","targetHints":{"allow":["GET"]}}],"collection":[{"href":"https:\/\/www.ernstbrunn-apotheke.at\/katalog\/wp-json\/wp\/v2\/product"}],"about":[{"href":"https:\/\/www.ernstbrunn-apotheke.at\/katalog\/wp-json\/wp\/v2\/types\/product"}],"wp:featuredmedia":[{"embeddable":true,"href":"https:\/\/www.ernstbrunn-apotheke.at\/katalog\/wp-json\/wp\/v2\/media\/72024"}],"wp:attachment":[{"href":"https:\/\/www.ernstbrunn-apotheke.at\/katalog\/wp-json\/wp\/v2\/media?parent=72022"}],"wp:term":[{"taxonomy":"product_brand","embeddable":true,"href":"https:\/\/www.ernstbrunn-apotheke.at\/katalog\/wp-json\/wp\/v2\/product_brand?post=72022"},{"taxonomy":"product_cat","embeddable":true,"href":"https:\/\/www.ernstbrunn-apotheke.at\/katalog\/wp-json\/wp\/v2\/product_cat?post=72022"},{"taxonomy":"product_tag","embeddable":true,"href":"https:\/\/www.ernstbrunn-apotheke.at\/katalog\/wp-json\/wp\/v2\/product_tag?post=72022"}],"curies":[{"name":"wp","href":"https:\/\/api.w.org\/{rel}","templated":true}]}}